{"id":79820,"date":"2019-04-16T21:17:09","date_gmt":"2019-04-16T21:17:09","guid":{"rendered":"http:\/\/dev-erg.pantheonsite.io\/?page_id=79820"},"modified":"2019-09-16T19:47:19","modified_gmt":"2019-09-16T19:47:19","slug":"affiliates","status":"publish","type":"page","link":"https:\/\/ergclinical.com\/es\/our-experts\/affiliates\/","title":{"rendered":"Afiliados"},"content":{"rendered":"<div class=\"wpb-content-wrapper\"><div data-parent=\"true\" class=\"vc_row row-container with-kburns boomapps_vcrow\" id=\"row-unique-1\"><div class=\"row-background background-element\">\n\t\t\t\t\t\t\t\t\t\t\t<div class=\"background-wrapper\">\n\t\t\t\t\t\t\t\t\t\t\t\t<div class=\"background-inner\" style=\"background-image: url(https:\/\/ergclinical.com\/wp-content\/uploads\/2019\/04\/6.0-our-experts-1.jpg);background-repeat: no-repeat;background-position: center center;background-attachment: scroll;background-size: cover;\"><\/div>\n\t\t\t\t\t\t\t\t\t\t\t\t\n\t\t\t\t\t\t\t\t\t\t\t<\/div>\n\t\t\t\t\t\t\t\t\t\t<\/div><div class=\"row limit-width row-parent\" data-minheight=\"125\"><div class=\"wpb_row row-inner\"><div class=\"wpb_column pos-middle pos-center align_left column_parent col-lg-12 boomapps_vccolumn single-internal-gutter\"><div class=\"uncol style-light\"  ><div class=\"uncoltable\"><div class=\"uncell  boomapps_vccolumn no-block-padding\" ><div class=\"uncont\" ><div class=\"vc_row row-internal row-container boomapps_vcrow\"><div class=\"row row-child\"><div class=\"wpb_row row-inner\"><div class=\"wpb_column pos-middle pos-center align_left column_child col-lg-12 boomapps_vccolumn one-internal-gutter\"><div class=\"uncol style-light\" ><div class=\"uncoltable\"><div class=\"uncell  boomapps_vccolumn no-block-padding\" ><div class=\"uncont\" ><div class=\"vc_custom_heading_wrap\"><div class=\"heading-text el-text\" ><h1 class=\"h1 text-color-xsdn-color text-uppercase\" ><span>Nuestros expertos<\/span><\/h1><\/div><div class=\"clear\"><\/div><\/div><div class=\"vc_custom_heading_wrap\"><div class=\"heading-text el-text\" ><h3 class=\"h3 font-weight-400 text-color-xsdn-color\" ><span>Trabaje con l\u00edderes de opini\u00f3n de la industria en cada etapa de su estudio de investigaci\u00f3n cl\u00ednica<\/span><\/h3><\/div><div class=\"clear\"><\/div><\/div><\/div><\/div><\/div><\/div><\/div><\/div><\/div><\/div><\/div><\/div><\/div><\/div><\/div><script id=\"script-row-unique-1\" data-row=\"script-row-unique-1\" type=\"text\/javascript\" class=\"vc_controls\">UNCODE.initRow(document.getElementById(\"row-unique-1\"));<\/script><\/div><\/div><\/div><div data-parent=\"true\" class=\"vc_row has-bg need-focus style-color-176031-bg row-container boomapps_vcrow\" id=\"row-unique-2\"><div class=\"row limit-width row-parent\"><div class=\"wpb_row row-inner\"><div class=\"wpb_column pos-top pos-center align_left column_parent col-lg-12 boomapps_vccolumn single-internal-gutter\"><div class=\"uncol style-light\"  ><div class=\"uncoltable\"><div class=\"uncell  boomapps_vccolumn no-block-padding\" ><div class=\"uncont\" ><div class=\"vc_row row-internal row-container boomapps_vcrow\"><div class=\"row row-child\"><div class=\"wpb_row row-inner\"><div class=\"wpb_column pos-top pos-center align_left column_child col-lg-12 boomapps_vccolumn single-internal-gutter\"><div class=\"uncol style-light\" ><div class=\"uncoltable\"><div class=\"uncell  boomapps_vccolumn no-block-padding\" ><div class=\"uncont\" ><div class=\"vc_custom_heading_wrap\"><div class=\"heading-text el-text\" ><h3 class=\"h3 fontheight-357766 text-color-159714-color\" ><span>Con tanto en juego, usted quiere que las mejores mentes se concentren en su ensayo cl\u00ednico. ERG cumple con sus expectativas, con equipos de expertos que trabajan en cada faceta.<\/span><\/h3><\/div><div class=\"clear\"><\/div><\/div><\/div><\/div><\/div><\/div><\/div><\/div><\/div><\/div><\/div><\/div><\/div><\/div><\/div><script id=\"script-row-unique-2\" data-row=\"script-row-unique-2\" type=\"text\/javascript\" class=\"vc_controls\">UNCODE.initRow(document.getElementById(\"row-unique-2\"));<\/script><\/div><\/div><\/div><div data-parent=\"true\" class=\"vc_row has-bg need-focus style-color-101671-bg row-container boomapps_vcrow\" id=\"row-unique-3\"><div class=\"row single-top-padding single-bottom-padding single-h-padding limit-width row-parent\"><div class=\"wpb_row row-inner\"><div class=\"wpb_column pos-top pos-center align_left column_parent col-lg-12 boomapps_vccolumn single-internal-gutter\"><div class=\"uncol style-light\"  ><div class=\"uncoltable\"><div class=\"uncell  boomapps_vccolumn no-block-padding\" ><div class=\"uncont\" ><div class=\"vc_wp_custommenu wpb_content_element erg-subnav\"  data-id=\"1\"><div class=\"widget widget_nav_menu\"><div class=\"menu-our-experts-container\"><ul id=\"menu-our-experts\" class=\"menu-smart sm menu-horizontal\"><li id=\"menu-item-79894\" class=\"menu-item menu-item-type-post_type menu-item-object-page menu-item-79894\"><a href=\"https:\/\/ergclinical.com\/es\/our-experts\/therapeutic-area-experts\/\">Expertos en \u00c1rea Terap\u00e9utica<\/a><\/li>\n<li id=\"menu-item-79826\" class=\"menu-item menu-item-type-post_type menu-item-object-page menu-item-79826\"><a href=\"https:\/\/ergclinical.com\/es\/our-experts\/medical-team\/\">M\u00e9dico<\/a><\/li>\n<li id=\"menu-item-79825\" class=\"menu-item menu-item-type-post_type menu-item-object-page menu-item-79825\"><a href=\"https:\/\/ergclinical.com\/es\/our-experts\/clinical-operations-team\/\">Operaciones cl\u00ednicas<\/a><\/li>\n<li id=\"menu-item-79824\" class=\"menu-item menu-item-type-post_type menu-item-object-page menu-item-79824\"><a href=\"https:\/\/ergclinical.com\/es\/our-experts\/account-management-team\/\">Gesti\u00f3n de cuentas<\/a><\/li>\n<li id=\"menu-item-83840\" class=\"menu-item menu-item-type-post_type menu-item-object-page menu-item-83840\"><a href=\"https:\/\/ergclinical.com\/es\/our-experts\/scientific-leadership-team\/\">Liderazgo cient\u00edfico<\/a><\/li>\n<li id=\"menu-item-79822\" class=\"menu-item menu-item-type-post_type menu-item-object-page menu-item-79822\"><a href=\"https:\/\/ergclinical.com\/es\/our-experts\/affiliates\/\">Afiliados<\/a><\/li>\n<\/ul><\/div><\/div><\/div><\/div><\/div><\/div><\/div><\/div><script id=\"script-row-unique-3\" data-row=\"script-row-unique-3\" type=\"text\/javascript\" class=\"vc_controls\">UNCODE.initRow(document.getElementById(\"row-unique-3\"));<\/script><\/div><\/div><\/div><div data-parent=\"true\" class=\"vc_row erg-sub-section has-bg need-focus style-color-101671-bg row-container boomapps_vcrow\" id=\"row-unique-4\"><div class=\"row no-top-padding single-bottom-padding single-h-padding limit-width row-parent\"><div class=\"wpb_row row-inner\"><div class=\"wpb_column pos-top pos-center align_left column_parent col-lg-12 boomapps_vccolumn single-internal-gutter\"><div class=\"uncol style-light\"  ><div class=\"uncoltable\"><div class=\"uncell  boomapps_vccolumn no-block-padding\" ><div class=\"uncont\" ><div id=\"index-156808\" class=\"isotope-system isotope-general-light grid-general-light\" >\n\t\t\t\n\t\t\t\t\t\t\t\t\t\t\t\t\t\t<div class=\"isotope-wrapper grid-wrapper no-gutter\" >\t\t\t\t\t\t\t\t\t\t\t\t<div class=\"isotope-container grid-container isotope-layout style-masonry isotope-pagination grid-pagination\" data-type=\"masonry\" data-layout=\"masonry\" data-lg=\"1000\" data-md=\"600\" data-sm=\"480\" data-vp-height=\"\">\t\t\t<div class=\"tmb atc-typography-inherit tmb-iso-w12 tmb-iso-h4 tmb-light tmb-overlay-text-anim tmb-overlay-anim tmb-content-left tmb-image-anim tmb-bordered  grid-cat-73 tmb-id-80284 tmb-only-text tmb-content-under tmb-no-bg\" ><div class=\"t-inside animate_when_almost_visible bottom-t-top\" ><div class=\"t-entry-text\">\n\t\t\t\t\t\t\t\t\t<div class=\"t-entry-text-tc no-block-padding\"><div class=\"t-entry\"><div data-parent=\"true\" class=\"vc_row team-card row-container onepage-section boomapps_vcrow\" data-label=\"nick-vatakis\" data-name=\"nick-vatakis\" id=\"row-unique-5\"><div class=\"row no-top-padding no-bottom-padding no-h-padding limit-width row-parent\"><div class=\"wpb_row row-inner\"><div class=\"wpb_column pos-top pos-center align_left column_parent col-lg-12 boomapps_vccolumn single-internal-gutter\"><div class=\"uncol style-light\"  ><div class=\"uncoltable\"><div class=\"uncell  boomapps_vccolumn single-block-padding style-color-xsdn-bg has-bg\" ><div class=\"uncont\" ><div class=\"vc_row row-internal row-container boomapps_vcrow\"><div class=\"row row-child\"><div class=\"wpb_row row-inner\"><div class=\"wpb_column pos-top pos-center align_left column_child col-lg-3 boomapps_vccolumn single-internal-gutter\"><div class=\"uncol style-light\" ><div class=\"uncoltable\"><div class=\"uncell  boomapps_vccolumn no-block-padding\" ><div class=\"uncont\" ><div class=\"vc_custom_heading_wrap\"><div class=\"heading-text el-text\" ><h5 class=\"h5 font-weight-500\" ><span>Dr. Nick Vatakis<\/span><\/h5><div class=\"text-top-reduced\"><p>Director m\u00e9dico, investigador principal y fundador de SPRI Clinical Trials<\/p>\n<\/div><\/div><div class=\"clear\"><\/div><\/div><\/div><\/div><\/div><\/div><\/div><div class=\"wpb_column pos-top pos-center align_left column_child col-lg-9 boomapps_vccolumn single-internal-gutter\"><div class=\"uncol style-light\" ><div class=\"uncoltable\"><div class=\"uncell  boomapps_vccolumn no-block-padding\" ><div class=\"uncont\" ><div class=\"uncode_text_column\" ><\/p>\n<ul>\n<li style=\"font-weight: 400;\"><span style=\"font-weight: 400;\">Realiz\u00f3 cientos de investigaciones cl\u00ednicas de fase avanzada en indicaciones psiqui\u00e1tricas como esquizofrenia, trastornos bipolares y depresivos, as\u00ed como enfermedad de Alzheimer, deterioro cognitivo leve, adicci\u00f3n, dolor, insomnio, migra\u00f1a y abandono del h\u00e1bito de fumar.<\/span><\/li>\n<li style=\"font-weight: 400;\"><span style=\"font-weight: 400;\">Certificado por la junta en psiquiatr\u00eda y neurolog\u00eda.<\/span><\/li>\n<\/ul>\n<p>\n<\/div><\/div><\/div><\/div><\/div><\/div><\/div><\/div><\/div><\/div><\/div><\/div><\/div><\/div><\/div><\/div><\/div>\n<\/div><\/div>\n\t\t\t\t\t\t\t<\/div><\/div><\/div><div class=\"tmb atc-typography-inherit tmb-iso-w12 tmb-iso-h4 tmb-light tmb-overlay-text-anim tmb-overlay-anim tmb-content-left tmb-image-anim tmb-bordered  grid-cat-73 tmb-id-80288 tmb-only-text tmb-content-under tmb-no-bg\" ><div class=\"t-inside animate_when_almost_visible bottom-t-top\" ><div class=\"t-entry-text\">\n\t\t\t\t\t\t\t\t\t<div class=\"t-entry-text-tc no-block-padding\"><div class=\"t-entry\"><div data-parent=\"true\" class=\"vc_row team-card row-container onepage-section boomapps_vcrow\" data-label=\"evgeny-fink\" data-name=\"evgeny-fink\" id=\"row-unique-6\"><div class=\"row no-top-padding no-bottom-padding no-h-padding limit-width row-parent\"><div class=\"wpb_row row-inner\"><div class=\"wpb_column pos-top pos-center align_left column_parent col-lg-12 boomapps_vccolumn single-internal-gutter\"><div class=\"uncol style-light\"  ><div class=\"uncoltable\"><div class=\"uncell  boomapps_vccolumn single-block-padding style-color-xsdn-bg has-bg\" ><div class=\"uncont\" ><div class=\"vc_row row-internal row-container boomapps_vcrow\"><div class=\"row row-child\"><div class=\"wpb_row row-inner\"><div class=\"wpb_column pos-top pos-center align_left column_child col-lg-3 boomapps_vccolumn single-internal-gutter\"><div class=\"uncol style-light\" ><div class=\"uncoltable\"><div class=\"uncell  boomapps_vccolumn no-block-padding\" ><div class=\"uncont\" ><div class=\"vc_custom_heading_wrap\"><div class=\"heading-text el-text\" ><h5 class=\"h5 font-weight-500\" ><span>Dr. Evgeny Fink<\/span><\/h5><div class=\"text-top-reduced\"><p>Investigador principal de ensayos cl\u00ednicos de SPRI<\/p>\n<\/div><\/div><div class=\"clear\"><\/div><\/div><\/div><\/div><\/div><\/div><\/div><div class=\"wpb_column pos-top pos-center align_left column_child col-lg-9 boomapps_vccolumn single-internal-gutter\"><div class=\"uncol style-light\" ><div class=\"uncoltable\"><div class=\"uncell  boomapps_vccolumn no-block-padding\" ><div class=\"uncont\" ><div class=\"uncode_text_column\" ><\/p>\n<ul>\n<li style=\"font-weight: 400;\"><span style=\"font-weight: 400;\">Destacado experto en trastornos psiqui\u00e1tricos y neurol\u00f3gicos.<\/span><\/li>\n<li style=\"font-weight: 400;\"><span style=\"font-weight: 400;\">M\u00e1s de 200 ensayos cl\u00ednicos en fase avanzada<\/span><\/li>\n<li style=\"font-weight: 400;\"><span style=\"font-weight: 400;\">Capacitado por el fundador y director m\u00e9dico, Nick Vatakis, MD<\/span><\/li>\n<\/ul>\n<p>\n<\/div><\/div><\/div><\/div><\/div><\/div><\/div><\/div><\/div><\/div><\/div><\/div><\/div><\/div><\/div><\/div><\/div>\n<\/div><\/div>\n\t\t\t\t\t\t\t<\/div><\/div><\/div>\t\t<\/div>\t\n\t\n\n\t<\/div>\t\t\t\t<\/div>\n<\/div><\/div><\/div><\/div><\/div><script id=\"script-row-unique-4\" data-row=\"script-row-unique-4\" type=\"text\/javascript\" class=\"vc_controls\">UNCODE.initRow(document.getElementById(\"row-unique-4\"));<\/script><\/div><\/div><\/div>\n<\/div>","protected":false},"excerpt":{"rendered":"Evgeny Fink, MDPrincipal Investigator SPRI Clinical Trials Noted expert in psychiatric and neurological disorders 200+ late-phase clinical trials Trained by [...]","protected":false},"author":1,"featured_media":0,"parent":79564,"menu_order":0,"comment_status":"closed","ping_status":"closed","template":"","meta":{"footnotes":"","_links_to":"","_links_to_target":""},"class_list":["post-79820","page","type-page","status-publish","hentry"],"yoast_head":"<!-- This site is optimized with the Yoast SEO plugin v27.4 - https:\/\/yoast.com\/product\/yoast-seo-wordpress\/ -->\n<title>Affiliates - ERG Clinical<\/title>\n<meta name=\"description\" content=\"ERG Clinical&#039;s affiliates consist of industry thought leaders. These experts assist in every stage of the clinical research study.\" \/>\n<meta name=\"robots\" content=\"index, follow, max-snippet:-1, max-image-preview:large, max-video-preview:-1\" \/>\n<link rel=\"canonical\" href=\"https:\/\/ergclinical.com\/es\/our-experts\/affiliates\/\" \/>\n<meta property=\"og:locale\" content=\"es_MX\" \/>\n<meta property=\"og:type\" content=\"article\" \/>\n<meta property=\"og:title\" content=\"Affiliates - ERG Clinical\" \/>\n<meta property=\"og:description\" content=\"ERG Clinical&#039;s affiliates consist of industry thought leaders. These experts assist in every stage of the clinical research study.\" \/>\n<meta property=\"og:url\" content=\"https:\/\/ergclinical.com\/es\/our-experts\/affiliates\/\" \/>\n<meta property=\"og:site_name\" content=\"ERG Clinical\" \/>\n<meta property=\"article:modified_time\" content=\"2019-09-16T19:47:19+00:00\" \/>\n<meta name=\"twitter:card\" content=\"summary_large_image\" \/>\n<meta name=\"twitter:label1\" content=\"Tiempo de lectura\" \/>\n\t<meta name=\"twitter:data1\" content=\"1 minuto\" \/>\n<script type=\"application\/ld+json\" class=\"yoast-schema-graph\">{\"@context\":\"https:\\\/\\\/schema.org\",\"@graph\":[{\"@type\":\"WebPage\",\"@id\":\"https:\\\/\\\/ergclinical.com\\\/our-experts\\\/affiliates\\\/\",\"url\":\"https:\\\/\\\/ergclinical.com\\\/our-experts\\\/affiliates\\\/\",\"name\":\"Affiliates - ERG Clinical\",\"isPartOf\":{\"@id\":\"https:\\\/\\\/ergclinical.com\\\/#website\"},\"datePublished\":\"2019-04-16T21:17:09+00:00\",\"dateModified\":\"2019-09-16T19:47:19+00:00\",\"description\":\"ERG Clinical's affiliates consist of industry thought leaders. These experts assist in every stage of the clinical research study.\",\"breadcrumb\":{\"@id\":\"https:\\\/\\\/ergclinical.com\\\/our-experts\\\/affiliates\\\/#breadcrumb\"},\"inLanguage\":\"es\",\"potentialAction\":[{\"@type\":\"ReadAction\",\"target\":[\"https:\\\/\\\/ergclinical.com\\\/our-experts\\\/affiliates\\\/\"]}]},{\"@type\":\"BreadcrumbList\",\"@id\":\"https:\\\/\\\/ergclinical.com\\\/our-experts\\\/affiliates\\\/#breadcrumb\",\"itemListElement\":[{\"@type\":\"ListItem\",\"position\":1,\"name\":\"Home\",\"item\":\"https:\\\/\\\/ergclinical.com\\\/\"},{\"@type\":\"ListItem\",\"position\":2,\"name\":\"Our Experts\",\"item\":\"\\\/our-experts\\\/therapeutic-area-experts\\\/\"},{\"@type\":\"ListItem\",\"position\":3,\"name\":\"Affiliates\"}]},{\"@type\":\"WebSite\",\"@id\":\"https:\\\/\\\/ergclinical.com\\\/#website\",\"url\":\"https:\\\/\\\/ergclinical.com\\\/\",\"name\":\"ERG Clinical\",\"description\":\"\",\"publisher\":{\"@id\":\"https:\\\/\\\/ergclinical.com\\\/#organization\"},\"potentialAction\":[{\"@type\":\"SearchAction\",\"target\":{\"@type\":\"EntryPoint\",\"urlTemplate\":\"https:\\\/\\\/ergclinical.com\\\/?s={search_term_string}\"},\"query-input\":{\"@type\":\"PropertyValueSpecification\",\"valueRequired\":true,\"valueName\":\"search_term_string\"}}],\"inLanguage\":\"es\"},{\"@type\":\"Organization\",\"@id\":\"https:\\\/\\\/ergclinical.com\\\/#organization\",\"name\":\"ERG Clinical\",\"url\":\"https:\\\/\\\/ergclinical.com\\\/\",\"logo\":{\"@type\":\"ImageObject\",\"inLanguage\":\"es\",\"@id\":\"https:\\\/\\\/ergclinical.com\\\/#\\\/schema\\\/logo\\\/image\\\/\",\"url\":\"https:\\\/\\\/ergclinical.com\\\/wp-content\\\/uploads\\\/2019\\\/05\\\/erg-site-icon-512-lt.png\",\"contentUrl\":\"https:\\\/\\\/ergclinical.com\\\/wp-content\\\/uploads\\\/2019\\\/05\\\/erg-site-icon-512-lt.png\",\"width\":512,\"height\":512,\"caption\":\"ERG Clinical\"},\"image\":{\"@id\":\"https:\\\/\\\/ergclinical.com\\\/#\\\/schema\\\/logo\\\/image\\\/\"}}]}<\/script>\n<!-- \/ Yoast SEO plugin. -->","yoast_head_json":{"title":"Afiliados - ERG Clinical","description":"Los afiliados de ERG Clinical est\u00e1n compuestos por l\u00edderes de opini\u00f3n de la industria. Estos expertos colaboran en cada etapa del estudio de investigaci\u00f3n cl\u00ednica.","robots":{"index":"index","follow":"follow","max-snippet":"max-snippet:-1","max-image-preview":"max-image-preview:large","max-video-preview":"max-video-preview:-1"},"canonical":"https:\/\/ergclinical.com\/es\/our-experts\/affiliates\/","og_locale":"es_MX","og_type":"article","og_title":"Affiliates - ERG Clinical","og_description":"ERG Clinical's affiliates consist of industry thought leaders. These experts assist in every stage of the clinical research study.","og_url":"https:\/\/ergclinical.com\/es\/our-experts\/affiliates\/","og_site_name":"ERG Clinical","article_modified_time":"2019-09-16T19:47:19+00:00","twitter_card":"summary_large_image","twitter_misc":{"Tiempo de lectura":"1 minuto"},"schema":{"@context":"https:\/\/schema.org","@graph":[{"@type":"WebPage","@id":"https:\/\/ergclinical.com\/our-experts\/affiliates\/","url":"https:\/\/ergclinical.com\/our-experts\/affiliates\/","name":"Afiliados - ERG Clinical","isPartOf":{"@id":"https:\/\/ergclinical.com\/#website"},"datePublished":"2019-04-16T21:17:09+00:00","dateModified":"2019-09-16T19:47:19+00:00","description":"Los afiliados de ERG Clinical est\u00e1n compuestos por l\u00edderes de opini\u00f3n de la industria. Estos expertos colaboran en cada etapa del estudio de investigaci\u00f3n cl\u00ednica.","breadcrumb":{"@id":"https:\/\/ergclinical.com\/our-experts\/affiliates\/#breadcrumb"},"inLanguage":"es","potentialAction":[{"@type":"ReadAction","target":["https:\/\/ergclinical.com\/our-experts\/affiliates\/"]}]},{"@type":"BreadcrumbList","@id":"https:\/\/ergclinical.com\/our-experts\/affiliates\/#breadcrumb","itemListElement":[{"@type":"ListItem","position":1,"name":"Home","item":"https:\/\/ergclinical.com\/"},{"@type":"ListItem","position":2,"name":"Our Experts","item":"\/our-experts\/therapeutic-area-experts\/"},{"@type":"ListItem","position":3,"name":"Affiliates"}]},{"@type":"WebSite","@id":"https:\/\/ergclinical.com\/#website","url":"https:\/\/ergclinical.com\/","name":"ERG Cl\u00ednico","description":"","publisher":{"@id":"https:\/\/ergclinical.com\/#organization"},"potentialAction":[{"@type":"SearchAction","target":{"@type":"EntryPoint","urlTemplate":"https:\/\/ergclinical.com\/?s={search_term_string}"},"query-input":{"@type":"PropertyValueSpecification","valueRequired":true,"valueName":"search_term_string"}}],"inLanguage":"es"},{"@type":"Organization","@id":"https:\/\/ergclinical.com\/#organization","name":"ERG Cl\u00ednico","url":"https:\/\/ergclinical.com\/","logo":{"@type":"ImageObject","inLanguage":"es","@id":"https:\/\/ergclinical.com\/#\/schema\/logo\/image\/","url":"https:\/\/ergclinical.com\/wp-content\/uploads\/2019\/05\/erg-site-icon-512-lt.png","contentUrl":"https:\/\/ergclinical.com\/wp-content\/uploads\/2019\/05\/erg-site-icon-512-lt.png","width":512,"height":512,"caption":"ERG Clinical"},"image":{"@id":"https:\/\/ergclinical.com\/#\/schema\/logo\/image\/"}}]}},"_links":{"self":[{"href":"https:\/\/ergclinical.com\/es\/wp-json\/wp\/v2\/pages\/79820","targetHints":{"allow":["GET"]}}],"collection":[{"href":"https:\/\/ergclinical.com\/es\/wp-json\/wp\/v2\/pages"}],"about":[{"href":"https:\/\/ergclinical.com\/es\/wp-json\/wp\/v2\/types\/page"}],"author":[{"embeddable":true,"href":"https:\/\/ergclinical.com\/es\/wp-json\/wp\/v2\/users\/1"}],"replies":[{"embeddable":true,"href":"https:\/\/ergclinical.com\/es\/wp-json\/wp\/v2\/comments?post=79820"}],"version-history":[{"count":0,"href":"https:\/\/ergclinical.com\/es\/wp-json\/wp\/v2\/pages\/79820\/revisions"}],"up":[{"embeddable":true,"href":"https:\/\/ergclinical.com\/es\/wp-json\/wp\/v2\/pages\/79564"}],"wp:attachment":[{"href":"https:\/\/ergclinical.com\/es\/wp-json\/wp\/v2\/media?parent=79820"}],"curies":[{"name":"gracias","href":"https:\/\/api.w.org\/{rel}","templated":true}]}}