{"id":79996,"date":"2019-04-18T15:51:38","date_gmt":"2019-04-18T15:51:38","guid":{"rendered":"http:\/\/dev-erg.pantheonsite.io\/?page_id=79996"},"modified":"2024-05-07T18:06:17","modified_gmt":"2024-05-07T18:06:17","slug":"about","status":"publish","type":"page","link":"https:\/\/ergclinical.com\/es\/about\/","title":{"rendered":"Acerca de"},"content":{"rendered":"<div class=\"wpb-content-wrapper\"><div data-parent=\"true\" class=\"vc_row row-container with-kburns boomapps_vcrow\" id=\"row-unique-0\"><div class=\"row-background background-element\">\n\t\t\t\t\t\t\t\t\t\t\t<div class=\"background-wrapper\">\n\t\t\t\t\t\t\t\t\t\t\t\t<div class=\"background-inner\" style=\"background-image: url(https:\/\/ergclinical.com\/wp-content\/uploads\/2019\/04\/7.0-about-1.jpg);background-repeat: no-repeat;background-position: center center;background-attachment: scroll;background-size: cover;\"><\/div>\n\t\t\t\t\t\t\t\t\t\t\t\t\n\t\t\t\t\t\t\t\t\t\t\t<\/div>\n\t\t\t\t\t\t\t\t\t\t<\/div><div class=\"row limit-width row-parent\" data-minheight=\"125\"><div class=\"wpb_row row-inner\"><div class=\"wpb_column pos-middle pos-center align_left column_parent col-lg-12 boomapps_vccolumn single-internal-gutter\"><div class=\"uncol style-light\"  ><div class=\"uncoltable\"><div class=\"uncell  boomapps_vccolumn no-block-padding\" ><div class=\"uncont\" ><div class=\"vc_row row-internal row-container boomapps_vcrow\"><div class=\"row row-child\"><div class=\"wpb_row row-inner\"><div class=\"wpb_column pos-middle pos-center align_left column_child col-lg-12 boomapps_vccolumn one-internal-gutter\"><div class=\"uncol style-light\" ><div class=\"uncoltable\"><div class=\"uncell  boomapps_vccolumn no-block-padding\" ><div class=\"uncont\" ><div class=\"vc_custom_heading_wrap\"><div class=\"heading-text el-text\" ><h1 class=\"h1 text-color-xsdn-color text-uppercase\" ><span>Acerca de ERG<\/span><\/h1><\/div><div class=\"clear\"><\/div><\/div><div class=\"vc_custom_heading_wrap\"><div class=\"heading-text el-text\" ><h3 class=\"h3 font-weight-400 text-color-xsdn-color\" ><span>La medicina avanza<\/span><\/h3><\/div><div class=\"clear\"><\/div><\/div><\/div><\/div><\/div><\/div><\/div><\/div><\/div><\/div><\/div><\/div><\/div><\/div><\/div><script id=\"script-row-unique-0\" data-row=\"script-row-unique-0\" type=\"text\/javascript\" class=\"vc_controls\">UNCODE.initRow(document.getElementById(\"row-unique-0\"));<\/script><\/div><\/div><\/div><div data-parent=\"true\" class=\"vc_row row-container boomapps_vcrow\" id=\"row-unique-1\"><div class=\"row single-top-padding no-bottom-padding single-h-padding limit-width row-parent\"><div class=\"wpb_row row-inner\"><div class=\"wpb_column pos-top pos-center align_left column_parent col-lg-12 boomapps_vccolumn single-internal-gutter\"><div class=\"uncol style-light\"  ><div class=\"uncoltable\"><div class=\"uncell  boomapps_vccolumn no-block-padding\" ><div class=\"uncont\" ><div class=\"vc_row row-internal row-container boomapps_vcrow\"><div class=\"row row-child\"><div class=\"wpb_row row-inner\"><div class=\"wpb_column pos-top pos-center align_left column_child col-lg-12 boomapps_vccolumn single-internal-gutter\"><div class=\"uncol style-light\" ><div class=\"uncoltable\"><div class=\"uncell  boomapps_vccolumn no-block-padding\" ><div class=\"uncont\" ><div class=\"vc_wp_custommenu wpb_content_element erg-subnav\"  data-id=\"1\"><div class=\"widget widget_nav_menu\"><div class=\"menu-about-container\"><ul id=\"menu-about\" class=\"menu-smart sm menu-horizontal\"><li id=\"menu-item-80016\" class=\"menu-item menu-item-type-post_type menu-item-object-page menu-item-80016\"><a href=\"https:\/\/ergclinical.com\/es\/about\/\">Acerca de<\/a><\/li>\n<li id=\"menu-item-80020\" class=\"menu-item menu-item-type-post_type menu-item-object-page menu-item-80020\"><a href=\"https:\/\/ergclinical.com\/es\/about\/leadership\/\">Liderazgo<\/a><\/li>\n<li id=\"menu-item-80019\" class=\"menu-item menu-item-type-post_type menu-item-object-page menu-item-80019\"><a href=\"https:\/\/ergclinical.com\/es\/about\/memberships-affiliations\/\">Membres\u00edas y afiliaciones<\/a><\/li>\n<\/ul><\/div><\/div><\/div><div class=\"divider-wrapper\"  >\n    <hr class=\"unseparator border-,Default-color separator-no-padding\"  \/>\n<\/div>\n<\/div><\/div><\/div><\/div><\/div><\/div><\/div><\/div><\/div><\/div><\/div><\/div><\/div><script id=\"script-row-unique-1\" data-row=\"script-row-unique-1\" type=\"text\/javascript\" class=\"vc_controls\">UNCODE.initRow(document.getElementById(\"row-unique-1\"));<\/script><\/div><\/div><\/div><div data-parent=\"true\" class=\"vc_row row-container boomapps_vcrow\" id=\"row-unique-2\"><div class=\"row limit-width row-parent\"><div class=\"wpb_row row-inner\"><div class=\"wpb_column pos-top pos-center align_left column_parent col-lg-12 boomapps_vccolumn single-internal-gutter\"><div class=\"uncol style-light\"  ><div class=\"uncoltable\"><div class=\"uncell  boomapps_vccolumn no-block-padding\" ><div class=\"uncont\" ><div class=\"vc_row row-internal row-container boomapps_vcrow\"><div class=\"row row-child\"><div class=\"wpb_row row-inner\"><div class=\"wpb_column pos-top pos-center align_left column_child col-lg-12 boomapps_vccolumn single-internal-gutter\"><div class=\"uncol style-light\" ><div class=\"uncoltable\"><div class=\"uncell  boomapps_vccolumn no-block-padding\" ><div class=\"uncont\" ><div class=\"vc_custom_heading_wrap\"><div class=\"heading-text el-text\" ><h3 class=\"h3 fontheight-357766 text-color-159714-color\" ><span>Como empresa de investigaci\u00f3n cl\u00ednica independiente y din\u00e1mica, ERG ofrece un amplio conjunto de conocimientos especializados en m\u00e1s de 50 indicaciones espec\u00edficas, con capacidades incomparables en estudios del SNC.<\/span><\/h3><\/div><div class=\"clear\"><\/div><\/div><\/div><\/div><\/div><\/div><\/div><\/div><\/div><\/div><\/div><\/div><\/div><\/div><\/div><script id=\"script-row-unique-2\" data-row=\"script-row-unique-2\" type=\"text\/javascript\" class=\"vc_controls\">UNCODE.initRow(document.getElementById(\"row-unique-2\"));<\/script><\/div><\/div><\/div><div data-parent=\"true\" class=\"vc_row erg-sub-section has-bg need-focus style-color-101671-bg row-container onepage-section boomapps_vcrow\" data-label=\"timeline\" data-name=\"timeline\" id=\"row-unique-3\"><div class=\"row limit-width row-parent\"><div class=\"wpb_row row-inner\"><div class=\"wpb_column pos-top pos-center align_left column_parent col-lg-12 boomapps_vccolumn half-internal-gutter\"><div class=\"uncol style-light\"  ><div class=\"uncoltable\"><div class=\"uncell  boomapps_vccolumn no-block-padding\" ><div class=\"uncont\" ><div class=\"vc_row style-color-xsdn-bg vc_custom_1556068153021 row-internal row-container boomapps_vcrow\" style=\"padding-top: 36px ;padding-right: 36px ;padding-bottom: 36px ;padding-left: 36px ;z-index: 1;\"><div class=\"row row-child\"><div class=\"wpb_row row-inner\"><div class=\"wpb_column pos-top pos-left align_left column_child col-lg-4 boomapps_vccolumn one-internal-gutter\"><div class=\"uncol style-light\" ><div class=\"uncoltable\"><div class=\"uncell  boomapps_vccolumn no-block-padding\" ><div class=\"uncont\" ><div class=\"vc_custom_heading_wrap\"><div class=\"heading-text el-text\" ><h2 class=\"fontsize-679499 text-color-696080-color\" ><span>Nuestra misi\u00f3n<\/span><\/h2><\/div><div class=\"clear\"><\/div><\/div><\/div><\/div><\/div><\/div><\/div><div class=\"wpb_column pos-top pos-center align_left column_child col-lg-8 boomapps_vccolumn single-internal-gutter\"><div class=\"uncol style-light\" ><div class=\"uncoltable\"><div class=\"uncell  boomapps_vccolumn no-block-padding\" ><div class=\"uncont\" ><div class=\"uncode_text_column\" ><p>La misi\u00f3n de ERG es proporcionar la ejecuci\u00f3n de ensayos cl\u00ednicos de la m\u00e1s alta calidad en todas las fases de investigaci\u00f3n cl\u00ednica para ayudar a los patrocinadores a acelerar la comercializaci\u00f3n de terapias que salvan y mejoran vidas lo m\u00e1s r\u00e1pido y de manera segura posible.<\/p>\n<\/div><\/div><\/div><\/div><\/div><\/div><\/div><\/div><\/div><div class=\"vc_row style-color-xsdn-bg vc_custom_1636159171605 row-internal row-container desktop-hidden tablet-hidden mobile-hidden boomapps_vcrow\" style=\"padding-top: 36px ;padding-right: 36px ;padding-bottom: 36px ;padding-left: 36px ;z-index: 1;\"><div class=\"row row-child\"><div class=\"wpb_row row-inner\"><div class=\"wpb_column pos-top pos-left align_left column_child col-lg-4 boomapps_vccolumn one-internal-gutter\"><div class=\"uncol style-light\" ><div class=\"uncoltable\"><div class=\"uncell  boomapps_vccolumn no-block-padding\" ><div class=\"uncont\" ><div class=\"vc_custom_heading_wrap\"><div class=\"heading-text el-text\" ><h2 class=\"fontsize-679499 text-color-696080-color\" ><span>La Fundaci\u00f3n: Excelencia Ejecutiva<\/span><\/h2><\/div><div class=\"clear\"><\/div><\/div><\/div><\/div><\/div><\/div><\/div><div class=\"wpb_column pos-top pos-center align_left column_child col-lg-8 boomapps_vccolumn single-internal-gutter\"><div class=\"uncol style-light\" ><div class=\"uncoltable\"><div class=\"uncell  boomapps_vccolumn no-block-padding\" ><div class=\"uncont\" ><div class=\"uncode_text_column\" ><p>ERG se fund\u00f3 para ayudar a acelerar el desarrollo de nuevos tratamientos cr\u00edticos. Nuestro \u00e9xito se debe a que contamos con centros de excelencia centralizados que gestionan los aspectos financieros y administrativos de los ensayos cl\u00ednicos, lo que permite a los m\u00e9dicos centrarse en la ciencia. A medida que hemos crecido, hemos realizado inversiones en plataformas de operaciones cl\u00ednicas, calidad y cumplimiento, capital humano, finanzas y tecnolog\u00eda, inversiones que profundizan el apoyo que brindamos a nuestros socios.<\/p>\n<p>A trav\u00e9s de esta plataforma nacional, simplificamos la elaboraci\u00f3n de presupuestos y las negociaciones de contratos. Agilizamos la contrataci\u00f3n y la planificaci\u00f3n regulatoria. Ofrecemos una calidad constante, minimizando tanto el ruido como el efecto placebo. El resultado: los patrocinadores conf\u00edan en sus datos y se sienten satisfechos de haber ahorrado tiempo y dinero en el proceso.<\/p>\n<\/div><\/div><\/div><\/div><\/div><\/div><\/div><\/div><\/div><div class=\"vc_row vc_custom_1556677338341 row-internal row-container boomapps_vcrow\" style=\"padding-bottom: 0px ;\"><div class=\"row row-child\"><div class=\"wpb_row row-inner\"><div class=\"wpb_column pos-top pos-center align_center column_child col-lg-12 boomapps_vccolumn single-internal-gutter\"><div class=\"uncol style-light\" ><div class=\"uncoltable\"><div class=\"uncell  boomapps_vccolumn single-block-padding style-color-xsdn-bg\" ><div class=\"uncont\" ><div class=\"vc_custom_heading_wrap\"><div class=\"heading-text el-text\" ><h2 class=\"fontsize-679499\" ><span>ERG ofrece una soluci\u00f3n integral para las necesidades de investigaci\u00f3n cl\u00ednica<\/span><\/h2><\/div><div class=\"clear\"><\/div><\/div><\/div><\/div><\/div><\/div><\/div><\/div><\/div><\/div><div class=\"vc_row style-color-xsdn-bg vc_custom_1556677542790 row-internal row-container boomapps_vcrow\" style=\"margin-top: 0px ;padding-right: 36px ;padding-bottom: 36px ;padding-left: 36px ;\"><div class=\"row col-half-gutter row-child\"><div class=\"wpb_row row-inner\"><div class=\"wpb_column pos-top pos-center align_center column_child col-lg-4 boomapps_vccolumn half-internal-gutter\"><div class=\"uncol style-light\" ><div class=\"uncoltable\"><div class=\"uncell  boomapps_vccolumn one-block-padding\" ><div class=\"uncont\" ><div class=\"vc_custom_heading_wrap\"><div class=\"heading-text el-text\" ><h5 class=\"h5 font-weight-500\" ><span>Paciente hospitalizado\/ambulatorio<\/span><\/h5><\/div><div class=\"clear\"><\/div><\/div><div class=\"uncode-single-media  text-center\"><div class=\"single-wrapper\" style=\"max-width: 397px;\"><div class=\"tmb tmb-light  tmb-media-first tmb-media-last tmb-content-overlay tmb-no-bg\"><div class=\"t-inside\"><div class=\"t-entry-visual\"><div class=\"t-entry-visual-tc\"><div class=\"uncode-single-media-wrapper\"><img decoding=\"async\" class=\"wp-image-81580\" src=\"https:\/\/ergclinical.com\/wp-content\/uploads\/2019\/05\/inpatient-outpatient.jpg\" width=\"986\" height=\"520\" alt=\"ERG Inpatient\/outpatient infographic\" srcset=\"https:\/\/ergclinical.com\/wp-content\/uploads\/2019\/05\/inpatient-outpatient.jpg 986w, https:\/\/ergclinical.com\/wp-content\/uploads\/2019\/05\/inpatient-outpatient-300x158.jpg 300w, https:\/\/ergclinical.com\/wp-content\/uploads\/2019\/05\/inpatient-outpatient-768x405.jpg 768w\" sizes=\"(max-width: 986px) 100vw, 986px\" \/><\/div>\n\t\t\t\t\t<\/div>\n\t\t\t\t<\/div><\/div><\/div><\/div><\/div><\/div><\/div><\/div><\/div><\/div><div class=\"wpb_column pos-top pos-center align_center column_child col-lg-4 boomapps_vccolumn half-internal-gutter\"><div class=\"uncol style-light\" ><div class=\"uncoltable\"><div class=\"uncell  boomapps_vccolumn one-block-padding\" ><div class=\"uncont\" ><div class=\"vc_custom_heading_wrap\"><div class=\"heading-text el-text\" ><h5 class=\"h5 font-weight-500\" ><span>Fase de ensayo cl\u00ednico<\/span><\/h5><\/div><div class=\"clear\"><\/div><\/div><div class=\"uncode-single-media  text-center\"><div class=\"single-wrapper\" style=\"max-width: 397px;\"><div class=\"tmb tmb-light  tmb-media-first tmb-media-last tmb-content-overlay tmb-no-bg\"><div class=\"t-inside\"><div class=\"t-entry-visual\"><div class=\"t-entry-visual-tc\"><div class=\"uncode-single-media-wrapper\"><img decoding=\"async\" class=\"wp-image-81579\" src=\"https:\/\/ergclinical.com\/wp-content\/uploads\/2019\/05\/clinical-trial.jpg\" width=\"986\" height=\"520\" alt=\"ERG Clinical Trial Phase infographic\" srcset=\"https:\/\/ergclinical.com\/wp-content\/uploads\/2019\/05\/clinical-trial.jpg 986w, https:\/\/ergclinical.com\/wp-content\/uploads\/2019\/05\/clinical-trial-300x158.jpg 300w, https:\/\/ergclinical.com\/wp-content\/uploads\/2019\/05\/clinical-trial-768x405.jpg 768w\" sizes=\"(max-width: 986px) 100vw, 986px\" \/><\/div>\n\t\t\t\t\t<\/div>\n\t\t\t\t<\/div><\/div><\/div><\/div><\/div><\/div><\/div><\/div><\/div><\/div><div class=\"wpb_column pos-top pos-center align_center column_child col-lg-4 boomapps_vccolumn half-internal-gutter\"><div class=\"uncol style-light\" ><div class=\"uncoltable\"><div class=\"uncell  boomapps_vccolumn one-block-padding\" ><div class=\"uncont\" ><div class=\"vc_custom_heading_wrap\"><div class=\"heading-text el-text\" ><h5 class=\"h5 font-weight-500\" ><span>\u00c1rea terap\u00e9utica<\/span><\/h5><\/div><div class=\"clear\"><\/div><\/div><div class=\"uncode-single-media  text-center\"><div class=\"single-wrapper\" style=\"max-width: 397px;\"><div class=\"tmb tmb-light  tmb-media-first tmb-media-last tmb-content-overlay tmb-no-bg\"><div class=\"t-inside\"><div class=\"t-entry-visual\"><div class=\"t-entry-visual-tc\"><div class=\"uncode-single-media-wrapper\"><img decoding=\"async\" class=\"wp-image-81581\" src=\"https:\/\/ergclinical.com\/wp-content\/uploads\/2019\/05\/therapeutic-areas.jpg\" width=\"986\" height=\"520\" alt=\"ERG Therapeutic Areas infographic\" srcset=\"https:\/\/ergclinical.com\/wp-content\/uploads\/2019\/05\/therapeutic-areas.jpg 986w, https:\/\/ergclinical.com\/wp-content\/uploads\/2019\/05\/therapeutic-areas-300x158.jpg 300w, https:\/\/ergclinical.com\/wp-content\/uploads\/2019\/05\/therapeutic-areas-768x405.jpg 768w\" sizes=\"(max-width: 986px) 100vw, 986px\" \/><\/div>\n\t\t\t\t\t<\/div>\n\t\t\t\t<\/div><\/div><\/div><\/div><\/div><\/div><\/div><\/div><\/div><\/div><\/div><\/div><\/div><div class=\"vc_row style-color-xsdn-bg vc_custom_1636159469936 row-internal row-container desktop-hidden tablet-hidden mobile-hidden boomapps_vcrow\" style=\"padding-top: 36px ;padding-right: 36px ;padding-bottom: 36px ;padding-left: 36px ;z-index: 1;\"><div class=\"row row-child\"><div class=\"wpb_row row-inner\"><div class=\"wpb_column pos-top pos-left align_left column_child col-lg-4 boomapps_vccolumn one-internal-gutter\"><div class=\"uncol style-light\" ><div class=\"uncoltable\"><div class=\"uncell  boomapps_vccolumn no-block-padding\" ><div class=\"uncont\" ><div class=\"vc_custom_heading_wrap\"><div class=\"heading-text el-text\" ><h2 class=\"fontsize-679499 text-color-696080-color\" ><span>Amplias capacidades de ensayos de investigaci\u00f3n cl\u00ednica<\/span><\/h2><\/div><div class=\"clear\"><\/div><\/div><\/div><\/div><\/div><\/div><\/div><div class=\"wpb_column pos-top pos-center align_left column_child col-lg-8 boomapps_vccolumn single-internal-gutter\"><div class=\"uncol style-light\" ><div class=\"uncoltable\"><div class=\"uncell  boomapps_vccolumn no-block-padding\" ><div class=\"uncont\" ><div class=\"uncode_text_column\" ><p>ERG combina expertos l\u00edderes en la industria con instalaciones especializadas y acceso a m\u00e1s de 32 millones de pacientes potenciales para apoyar a los patrocinadores en cada paso del proceso de investigaci\u00f3n cl\u00ednica.<\/p>\n<p>Realizamos estudios de investigaci\u00f3n cl\u00ednica de fase I a IV tanto para pacientes ambulatorios como internados. Nuestra s\u00f3lida red de centros de investigaci\u00f3n cl\u00ednica propios y afiliados incluye una unidad de farmacolog\u00eda cl\u00ednica de fase I, varias unidades especializadas de fase temprana, un centro de investigaci\u00f3n especialmente dise\u00f1ado que se especializa en dolor agudo con dos quir\u00f3fanos exclusivos y dos instalaciones para analg\u00e9sicos quir\u00fargicos posoperatorios. Nuestros centros cuentan con sofisticadas capacidades de farmacia, que incluyen infusi\u00f3n y formulaci\u00f3n; capacidades de prueba en el lugar, como polisomnograf\u00eda (PSG), electroencefalograf\u00eda cuantitativa (qEEG) y EEG, FibroScans\u00ae, muestreo de l\u00edquido cefalorraqu\u00eddeo (LCR); y servicios complementarios fuera del sitio, desde im\u00e1genes m\u00e9dicas hasta oftalmolog\u00eda a trav\u00e9s de acuerdos de colaboraci\u00f3n.<\/p>\n<p>Nuestros investigadores principales son reconocidos en sus campos, con experiencia adquirida en miles de ensayos cl\u00ednicos y compartida a trav\u00e9s de cientos de art\u00edculos y carteles. Cuentan con el apoyo de personal altamente capacitado y evaluadores cl\u00ednicos expertos, cada uno certificado en m\u00faltiples escalas utilizadas en diversas indicaciones del sistema nervioso central.<\/p>\n<p>Reclutamos pacientes de una amplia y creciente base de datos de personas que padecen enfermedades mentales, trastornos neurol\u00f3gicos, trastornos del sue\u00f1o, adicciones, diabetes y otras enfermedades, as\u00ed como de voluntarios sanos que participan en ensayos para el avance de la medicina. Las actividades de participaci\u00f3n de los pacientes, los programas educativos y la extensi\u00f3n comunitaria de ERG garantizan que las bases de datos est\u00e9n actualizadas y en constante expansi\u00f3n.<\/p>\n<p>A trav\u00e9s de todos estos caminos, ERG contin\u00faa aumentando sus capacidades y expandi\u00e9ndose hacia indicaciones en las que existen enormes necesidades m\u00e9dicas no satisfechas en los Estados Unidos y en todo el mundo.<\/p>\n<\/div><\/div><\/div><\/div><\/div><\/div><\/div><\/div><\/div><\/div><\/div><\/div><\/div><\/div><script id=\"script-row-unique-3\" data-row=\"script-row-unique-3\" type=\"text\/javascript\" class=\"vc_controls\">UNCODE.initRow(document.getElementById(\"row-unique-3\"));<\/script><\/div><\/div><\/div>\n<\/div>","protected":false},"excerpt":{"rendered":"About ERGMedicine Moving ForwardAbout Leadership Memberships &#038; Affiliations As a dynamic independently held clinical research site company, ERG offers a [...]","protected":false},"author":1,"featured_media":0,"parent":0,"menu_order":0,"comment_status":"closed","ping_status":"closed","template":"","meta":{"footnotes":"","_links_to":"","_links_to_target":""},"class_list":["post-79996","page","type-page","status-publish","hentry","page_category-about"],"yoast_head":"<!-- This site is optimized with the Yoast SEO plugin v27.4 - https:\/\/yoast.com\/product\/yoast-seo-wordpress\/ -->\n<title>ERG | About ERG<\/title>\n<meta name=\"description\" content=\"A leading, independent clinical research site company, ERG has a proven track record of executing complex clinical trials in specialized, diverse populations.\" \/>\n<meta name=\"robots\" content=\"index, follow, max-snippet:-1, max-image-preview:large, max-video-preview:-1\" \/>\n<link rel=\"canonical\" href=\"https:\/\/ergclinical.com\/es\/about\/\" \/>\n<meta property=\"og:locale\" content=\"es_MX\" \/>\n<meta property=\"og:type\" content=\"article\" \/>\n<meta property=\"og:title\" content=\"ERG | About ERG\" \/>\n<meta property=\"og:description\" content=\"A leading, independent clinical research site company, ERG has a proven track record of executing complex clinical trials in specialized, diverse populations.\" \/>\n<meta property=\"og:url\" content=\"https:\/\/ergclinical.com\/es\/about\/\" \/>\n<meta property=\"og:site_name\" content=\"ERG Clinical\" \/>\n<meta property=\"article:modified_time\" content=\"2024-05-07T18:06:17+00:00\" \/>\n<meta name=\"twitter:card\" content=\"summary_large_image\" \/>\n<meta name=\"twitter:label1\" content=\"Tiempo de lectura\" \/>\n\t<meta name=\"twitter:data1\" content=\"4 minutos\" \/>\n<script type=\"application\/ld+json\" class=\"yoast-schema-graph\">{\"@context\":\"https:\\\/\\\/schema.org\",\"@graph\":[{\"@type\":\"WebPage\",\"@id\":\"https:\\\/\\\/ergclinical.com\\\/about\\\/\",\"url\":\"https:\\\/\\\/ergclinical.com\\\/about\\\/\",\"name\":\"ERG | About ERG\",\"isPartOf\":{\"@id\":\"https:\\\/\\\/ergclinical.com\\\/#website\"},\"datePublished\":\"2019-04-18T15:51:38+00:00\",\"dateModified\":\"2024-05-07T18:06:17+00:00\",\"description\":\"A leading, independent clinical research site company, ERG has a proven track record of executing complex clinical trials in specialized, diverse populations.\",\"breadcrumb\":{\"@id\":\"https:\\\/\\\/ergclinical.com\\\/about\\\/#breadcrumb\"},\"inLanguage\":\"es\",\"potentialAction\":[{\"@type\":\"ReadAction\",\"target\":[\"https:\\\/\\\/ergclinical.com\\\/about\\\/\"]}]},{\"@type\":\"BreadcrumbList\",\"@id\":\"https:\\\/\\\/ergclinical.com\\\/about\\\/#breadcrumb\",\"itemListElement\":[{\"@type\":\"ListItem\",\"position\":1,\"name\":\"Home\",\"item\":\"https:\\\/\\\/ergclinical.com\\\/\"},{\"@type\":\"ListItem\",\"position\":2,\"name\":\"About\"}]},{\"@type\":\"WebSite\",\"@id\":\"https:\\\/\\\/ergclinical.com\\\/#website\",\"url\":\"https:\\\/\\\/ergclinical.com\\\/\",\"name\":\"ERG Clinical\",\"description\":\"\",\"publisher\":{\"@id\":\"https:\\\/\\\/ergclinical.com\\\/#organization\"},\"potentialAction\":[{\"@type\":\"SearchAction\",\"target\":{\"@type\":\"EntryPoint\",\"urlTemplate\":\"https:\\\/\\\/ergclinical.com\\\/?s={search_term_string}\"},\"query-input\":{\"@type\":\"PropertyValueSpecification\",\"valueRequired\":true,\"valueName\":\"search_term_string\"}}],\"inLanguage\":\"es\"},{\"@type\":\"Organization\",\"@id\":\"https:\\\/\\\/ergclinical.com\\\/#organization\",\"name\":\"ERG Clinical\",\"url\":\"https:\\\/\\\/ergclinical.com\\\/\",\"logo\":{\"@type\":\"ImageObject\",\"inLanguage\":\"es\",\"@id\":\"https:\\\/\\\/ergclinical.com\\\/#\\\/schema\\\/logo\\\/image\\\/\",\"url\":\"https:\\\/\\\/ergclinical.com\\\/wp-content\\\/uploads\\\/2019\\\/05\\\/erg-site-icon-512-lt.png\",\"contentUrl\":\"https:\\\/\\\/ergclinical.com\\\/wp-content\\\/uploads\\\/2019\\\/05\\\/erg-site-icon-512-lt.png\",\"width\":512,\"height\":512,\"caption\":\"ERG Clinical\"},\"image\":{\"@id\":\"https:\\\/\\\/ergclinical.com\\\/#\\\/schema\\\/logo\\\/image\\\/\"}}]}<\/script>\n<!-- \/ Yoast SEO plugin. -->","yoast_head_json":{"title":"ERG | Acerca de ERG","description":"ERG, una empresa l\u00edder e independiente en sitios de investigaci\u00f3n cl\u00ednica, tiene un historial comprobado de ejecuci\u00f3n de ensayos cl\u00ednicos complejos en poblaciones especializadas y diversas.","robots":{"index":"index","follow":"follow","max-snippet":"max-snippet:-1","max-image-preview":"max-image-preview:large","max-video-preview":"max-video-preview:-1"},"canonical":"https:\/\/ergclinical.com\/es\/about\/","og_locale":"es_MX","og_type":"article","og_title":"ERG | About ERG","og_description":"A leading, independent clinical research site company, ERG has a proven track record of executing complex clinical trials in specialized, diverse populations.","og_url":"https:\/\/ergclinical.com\/es\/about\/","og_site_name":"ERG Clinical","article_modified_time":"2024-05-07T18:06:17+00:00","twitter_card":"summary_large_image","twitter_misc":{"Tiempo de lectura":"4 minutos"},"schema":{"@context":"https:\/\/schema.org","@graph":[{"@type":"WebPage","@id":"https:\/\/ergclinical.com\/about\/","url":"https:\/\/ergclinical.com\/about\/","name":"ERG | Acerca de ERG","isPartOf":{"@id":"https:\/\/ergclinical.com\/#website"},"datePublished":"2019-04-18T15:51:38+00:00","dateModified":"2024-05-07T18:06:17+00:00","description":"ERG, una empresa l\u00edder e independiente en sitios de investigaci\u00f3n cl\u00ednica, tiene un historial comprobado de ejecuci\u00f3n de ensayos cl\u00ednicos complejos en poblaciones especializadas y diversas.","breadcrumb":{"@id":"https:\/\/ergclinical.com\/about\/#breadcrumb"},"inLanguage":"es","potentialAction":[{"@type":"ReadAction","target":["https:\/\/ergclinical.com\/about\/"]}]},{"@type":"BreadcrumbList","@id":"https:\/\/ergclinical.com\/about\/#breadcrumb","itemListElement":[{"@type":"ListItem","position":1,"name":"Home","item":"https:\/\/ergclinical.com\/"},{"@type":"ListItem","position":2,"name":"About"}]},{"@type":"WebSite","@id":"https:\/\/ergclinical.com\/#website","url":"https:\/\/ergclinical.com\/","name":"ERG Cl\u00ednico","description":"","publisher":{"@id":"https:\/\/ergclinical.com\/#organization"},"potentialAction":[{"@type":"SearchAction","target":{"@type":"EntryPoint","urlTemplate":"https:\/\/ergclinical.com\/?s={search_term_string}"},"query-input":{"@type":"PropertyValueSpecification","valueRequired":true,"valueName":"search_term_string"}}],"inLanguage":"es"},{"@type":"Organization","@id":"https:\/\/ergclinical.com\/#organization","name":"ERG Cl\u00ednico","url":"https:\/\/ergclinical.com\/","logo":{"@type":"ImageObject","inLanguage":"es","@id":"https:\/\/ergclinical.com\/#\/schema\/logo\/image\/","url":"https:\/\/ergclinical.com\/wp-content\/uploads\/2019\/05\/erg-site-icon-512-lt.png","contentUrl":"https:\/\/ergclinical.com\/wp-content\/uploads\/2019\/05\/erg-site-icon-512-lt.png","width":512,"height":512,"caption":"ERG Clinical"},"image":{"@id":"https:\/\/ergclinical.com\/#\/schema\/logo\/image\/"}}]}},"_links":{"self":[{"href":"https:\/\/ergclinical.com\/es\/wp-json\/wp\/v2\/pages\/79996","targetHints":{"allow":["GET"]}}],"collection":[{"href":"https:\/\/ergclinical.com\/es\/wp-json\/wp\/v2\/pages"}],"about":[{"href":"https:\/\/ergclinical.com\/es\/wp-json\/wp\/v2\/types\/page"}],"author":[{"embeddable":true,"href":"https:\/\/ergclinical.com\/es\/wp-json\/wp\/v2\/users\/1"}],"replies":[{"embeddable":true,"href":"https:\/\/ergclinical.com\/es\/wp-json\/wp\/v2\/comments?post=79996"}],"version-history":[{"count":0,"href":"https:\/\/ergclinical.com\/es\/wp-json\/wp\/v2\/pages\/79996\/revisions"}],"wp:attachment":[{"href":"https:\/\/ergclinical.com\/es\/wp-json\/wp\/v2\/media?parent=79996"}],"curies":[{"name":"gracias","href":"https:\/\/api.w.org\/{rel}","templated":true}]}}