{"id":80638,"date":"2019-04-23T21:20:25","date_gmt":"2019-04-23T21:20:25","guid":{"rendered":"http:\/\/dev-erg.pantheonsite.io\/?page_id=80638"},"modified":"2019-05-07T22:13:07","modified_gmt":"2019-05-07T22:13:07","slug":"quality-assurance","status":"publish","type":"page","link":"https:\/\/ergclinical.com\/es\/centralized-operations\/quality-assurance\/","title":{"rendered":"Seguro de calidad"},"content":{"rendered":"<div class=\"wpb-content-wrapper\"><div data-parent=\"true\" class=\"vc_row hero-expertise row-container with-kburns boomapps_vcrow\" id=\"row-unique-0\"><div class=\"row-background background-element\">\n\t\t\t\t\t\t\t\t\t\t\t<div class=\"background-wrapper\">\n\t\t\t\t\t\t\t\t\t\t\t\t<div class=\"background-inner\" style=\"background-image: url(https:\/\/ergclinical.com\/wp-content\/uploads\/2019\/04\/3.1-quality-assurance.jpg);background-repeat: no-repeat;background-position: center center;background-attachment: scroll;background-size: cover;\"><\/div>\n\t\t\t\t\t\t\t\t\t\t\t\t\n\t\t\t\t\t\t\t\t\t\t\t<\/div>\n\t\t\t\t\t\t\t\t\t\t<\/div><div class=\"row limit-width row-parent\" data-minheight=\"250\"><div class=\"wpb_row row-inner\"><div class=\"wpb_column pos-middle pos-center align_left column_parent col-lg-12 boomapps_vccolumn single-internal-gutter\"><div class=\"uncol style-light\"  ><div class=\"uncoltable\"><div class=\"uncell  boomapps_vccolumn no-block-padding\" ><div class=\"uncont\" ><div class=\"vc_row row-internal row-container boomapps_vcrow\"><div class=\"row row-child\"><div class=\"wpb_row row-inner\"><div class=\"wpb_column pos-middle pos-center align_left column_child col-lg-6 boomapps_vccolumn single-internal-gutter\"><div class=\"uncol style-light\" ><div class=\"uncoltable\"><div class=\"uncell  boomapps_vccolumn no-block-padding\" ><div class=\"uncont\" ><div class=\"vc_custom_heading_wrap\"><div class=\"heading-text el-text\" ><h1 class=\"h1 fontheight-179065 text-color-xsdn-color text-uppercase\" ><span>Seguro de calidad<\/span><\/h1><\/div><div class=\"clear\"><\/div><\/div><\/div><\/div><\/div><\/div><\/div><div class=\"wpb_column pos-middle pos-center align_left column_child col-lg-6 white-text boomapps_vccolumn half-internal-gutter\"><div class=\"uncol style-spec style-dark\" ><div class=\"uncoltable\"><div class=\"uncell  boomapps_vccolumn no-block-padding\" ><div class=\"uncont\" ><div class=\"vc_custom_heading_wrap\"><div class=\"heading-text el-text curtain-words animate_inner_when_almost_visible el-text-split\" data-delay=\"400\" data-speed=\"800\"><h3 class=\"font-248554 h3 font-obs\" data-style=\"italic\" data-weight=\"300\" data-font=\"Bitter\"><i><span class=\"heading-text-inner\"><span class=\"split-word word1\"><span class=\"split-word-flow\"><span class=\"split-word-inner\">Nosotros<\/span><\/span><\/span><span class=\"split-word word2\"><span class=\"split-word-flow\"><span class=\"split-word-inner split-empty-inner\"><span class=\"split-word-empty\">&nbsp;<\/span>identificar<\/span><\/span><\/span><span class=\"split-word word3\"><span class=\"split-word-flow\"><span class=\"split-word-inner split-empty-inner\"><span class=\"split-word-empty\">&nbsp;<\/span>riesgos<\/span><\/span><\/span><span class=\"split-word word4\"><span class=\"split-word-flow\"><span class=\"split-word-inner split-empty-inner\"><span class=\"split-word-empty\">&nbsp;<\/span>y<\/span><\/span><\/span><span class=\"split-word word5\"><span class=\"split-word-flow\"><span class=\"split-word-inner split-empty-inner\"><span class=\"split-word-empty\">&nbsp;<\/span>vulnerabilidades<\/span><\/span><\/span><span class=\"split-word word6\"><span class=\"split-word-flow\"><span class=\"split-word-inner split-empty-inner\"><span class=\"split-word-empty\">&nbsp;<\/span>antes<\/span><\/span><\/span><span class=\"split-word word7\"><span class=\"split-word-flow\"><span class=\"split-word-inner split-empty-inner\"><span class=\"split-word-empty\">&nbsp;<\/span>ellos<\/span><\/span><\/span><span class=\"split-word word8\"><span class=\"split-word-flow\"><span class=\"split-word-inner split-empty-inner\"><span class=\"split-word-empty\">&nbsp;<\/span>convertirse<\/span><\/span><\/span><span class=\"split-word word9\"><span class=\"split-word-flow\"><span class=\"split-word-inner split-empty-inner\"><span class=\"split-word-empty\">&nbsp;<\/span>Problemas.<\/span><\/span><\/span><\/span><\/i><\/h3><\/div><div class=\"clear\"><\/div><\/div><\/div><\/div><\/div><\/div><\/div><\/div><\/div><\/div><\/div><\/div><\/div><\/div><\/div><script id=\"script-row-unique-0\" data-row=\"script-row-unique-0\" type=\"text\/javascript\" class=\"vc_controls\">UNCODE.initRow(document.getElementById(\"row-unique-0\"));<\/script><\/div><\/div><\/div><div data-parent=\"true\" class=\"vc_row has-bg need-focus style-color-176031-bg row-container boomapps_vcrow\" id=\"row-unique-1\"><div class=\"row limit-width row-parent\"><div class=\"wpb_row row-inner\"><div class=\"wpb_column pos-top pos-center align_left column_parent col-lg-12 boomapps_vccolumn single-internal-gutter\"><div class=\"uncol style-light\"  ><div class=\"uncoltable\"><div class=\"uncell  boomapps_vccolumn no-block-padding\" ><div class=\"uncont\" ><div class=\"vc_row row-internal row-container boomapps_vcrow\"><div class=\"row row-child\"><div class=\"wpb_row row-inner\"><div class=\"wpb_column pos-top pos-center align_left column_child col-lg-12 boomapps_vccolumn single-internal-gutter\"><div class=\"uncol style-light\" ><div class=\"uncoltable\"><div class=\"uncell  boomapps_vccolumn no-block-padding\" ><div class=\"uncont\" ><div class=\"vc_custom_heading_wrap\"><div class=\"heading-text el-text\" ><h3 class=\"h3 fontheight-357766 text-color-159714-color\" ><span>Para garantizar los m\u00e1s altos est\u00e1ndares de calidad y cumplimiento en todos los centros de ensayos cl\u00ednicos de ERG, nuestra supervisi\u00f3n centralizada de garant\u00eda de calidad funciona independientemente de nuestro equipo de operaciones. Puede estar seguro de que se cumplen todos los requisitos. En todo momento.<\/span><\/h3><\/div><div class=\"clear\"><\/div><\/div><\/div><\/div><\/div><\/div><\/div><\/div><\/div><\/div><\/div><\/div><\/div><\/div><\/div><script id=\"script-row-unique-1\" data-row=\"script-row-unique-1\" type=\"text\/javascript\" class=\"vc_controls\">UNCODE.initRow(document.getElementById(\"row-unique-1\"));<\/script><\/div><\/div><\/div><div data-parent=\"true\" class=\"vc_row erg-sub-section has-bg need-focus style-color-101671-bg row-container boomapps_vcrow\" id=\"row-unique-2\"><div class=\"row limit-width row-parent\"><div class=\"wpb_row row-inner\"><div class=\"wpb_column pos-top pos-center align_left column_parent col-lg-12 boomapps_vccolumn single-internal-gutter\"><div class=\"uncol style-light\"  ><div class=\"uncoltable\"><div class=\"uncell  boomapps_vccolumn no-block-padding\" ><div class=\"uncont\" ><div class=\"vc_row row-internal row-container boomapps_vcrow\"><div class=\"row unequal col-half-gutter row-child\"><div class=\"wpb_row row-inner\"><div class=\"wpb_column pos-top pos-center align_left column_child col-lg-6 boomapps_vccolumn half-internal-gutter\"><div class=\"uncol style-light\" ><div class=\"uncoltable\"><div class=\"uncell  boomapps_vccolumn single-block-padding style-color-xsdn-bg\" ><div class=\"uncont\" ><div class=\"vc_custom_heading_wrap\"><div class=\"heading-text el-text\" ><h2 class=\"h4 font-weight-500\" ><span>Entregamos una alta calidad constante en todos nuestros centros cl\u00ednicos<\/span><\/h2><\/div><div class=\"clear\"><\/div><\/div><div class=\"uncode_text_column\" ><p>ERG comparte procedimientos operativos est\u00e1ndar (SOP), sistemas estandarizados y mejores pr\u00e1cticas en todos nuestros sitios, para entregar datos limpios de manera constante. La gerencia ejecutiva supervisa todas las actividades; los comit\u00e9s internos se re\u00fanen regularmente para analizar las opciones para mejorar los procesos. Los procedimientos y pol\u00edticas de garant\u00eda de calidad estandarizados y centralizados de ERG cumplen con las normas de la Administraci\u00f3n de Alimentos y Medicamentos (FDA), la Conferencia Internacional sobre Armonizaci\u00f3n de Requisitos T\u00e9cnicos para el Registro de Productos Farmac\u00e9uticos para Uso Humano (ICH), el Departamento de Salud y Servicios Humanos (HHS), la Ley de Portabilidad y Responsabilidad de Seguros M\u00e9dicos (HIPAA) y todas las dem\u00e1s regulaciones aplicables de la industria.<\/p>\n<\/div><div class=\"divider-wrapper light-blue-divider\"  >\n    <hr class=\"unseparator border-color-101671-color separator-no-padding\"  style=\"border-top-width: 3px;\" \/>\n<\/div>\n<div class=\"vc_custom_heading_wrap\"><div class=\"heading-text el-text\" ><h2 class=\"h4 font-weight-500\" ><span>Diferenciadores ERG<\/span><\/h2><\/div><div class=\"clear\"><\/div><\/div><div class=\"uncode_text_column\" ><\/p>\n<ul>\n<li>Procedimientos operativos est\u00e1ndar armonizados<\/li>\n<li>Capacitaci\u00f3n constante y consistente \u201cBajo el Paraguas del Cumplimiento\u201d<\/li>\n<li>Preparaci\u00f3n para la auditor\u00eda<\/li>\n<\/ul>\n<p>\n<\/div><\/div><\/div><\/div><\/div><\/div><div class=\"wpb_column pos-top pos-center align_left column_child col-lg-6 boomapps_vccolumn half-internal-gutter\"><div class=\"uncol style-light\" ><div class=\"uncoltable\"><div class=\"uncell  boomapps_vccolumn single-block-padding style-color-xsdn-bg\" ><div class=\"uncont\" ><div class=\"vc_custom_heading_wrap\"><div class=\"heading-text el-text\" ><h2 class=\"h4 font-weight-500\" ><span>Control de calidad<\/span><\/h2><\/div><div class=\"clear\"><\/div><\/div><div class=\"uncode_text_column\" ><p>Con base en Planes de Gesti\u00f3n de Calidad espec\u00edficos del protocolo, el personal de ERG implementa y ejecuta controles de calidad en cada sitio. Realizan controles operativos. Verifican que los muchos pasos discretos del ensayo cl\u00ednico se completen con precisi\u00f3n. Y confirman que toda la generaci\u00f3n, recopilaci\u00f3n, an\u00e1lisis y presentaci\u00f3n de informes de datos se basa en los procedimientos operativos est\u00e1ndar de ERG y todas las regulaciones aplicables. Los especialistas en control de calidad tambi\u00e9n lideran las investigaciones y los informes de CAPA (Acciones correctivas, acciones preventivas) y ayudan a capacitar a los empleados del sitio. Esa atenci\u00f3n al detalle significa que los datos se entregan limpios y que no hay sorpresas.<\/p>\n<\/div><div class=\"divider-wrapper light-blue-divider\"  >\n    <hr class=\"unseparator border-color-101671-color separator-no-padding\"  style=\"border-top-width: 3px;\" \/>\n<\/div>\n<div class=\"vc_custom_heading_wrap\"><div class=\"heading-text el-text\" ><h2 class=\"h4 font-weight-500\" ><span>Unidad M\u00f3vil de Calidad<\/span><\/h2><\/div><div class=\"clear\"><\/div><\/div><div class=\"uncode_text_column\" ><p>Los miembros del equipo de control de calidad est\u00e1n siempre disponibles de forma remota para reforzar los esfuerzos de control de calidad locales. Sin embargo, algunos problemas requieren ayuda pr\u00e1ctica. La unidad m\u00f3vil de calidad de ERG la proporciona y est\u00e1 lista para viajar a los sitios para implementar nuevas medidas de calidad o ayudar con la mitigaci\u00f3n de riesgos.<\/p>\n<\/div><div class=\"divider-wrapper light-blue-divider\"  >\n    <hr class=\"unseparator border-color-101671-color separator-no-padding\"  style=\"border-top-width: 3px;\" \/>\n<\/div>\n<div class=\"vc_custom_heading_wrap\"><div class=\"heading-text el-text\" ><h2 class=\"h4 font-weight-500\" ><span>Sistemas de verificaci\u00f3n de inscripci\u00f3n dual<\/span><\/h2><\/div><div class=\"clear\"><\/div><\/div><div class=\"uncode_text_column\" ><p>Al inscribir a un paciente en un ensayo de investigaci\u00f3n cl\u00ednica, ERG utiliza varios sistemas de verificaci\u00f3n para seleccionar a los participantes que puedan estar inscritos simult\u00e1neamente en otro ensayo. Esto protege tanto la salud del paciente como la integridad de los datos del ensayo.<\/p>\n<\/div><\/div><\/div><\/div><\/div><\/div><\/div><\/div><\/div><\/div><\/div><\/div><\/div><\/div><script id=\"script-row-unique-2\" data-row=\"script-row-unique-2\" type=\"text\/javascript\" class=\"vc_controls\">UNCODE.initRow(document.getElementById(\"row-unique-2\"));<\/script><\/div><\/div><\/div><div data-parent=\"true\" class=\"vc_row has-bg need-focus style-color-176031-bg row-container boomapps_vcrow\" id=\"row-unique-3\"><div class=\"row limit-width row-parent\"><div class=\"wpb_row row-inner\"><div class=\"wpb_column pos-top pos-center align_left column_parent col-lg-12 boomapps_vccolumn single-internal-gutter\"><div class=\"uncol style-light\"  ><div class=\"uncoltable\"><div class=\"uncell  boomapps_vccolumn no-block-padding\" ><div class=\"uncont\" ><div class=\"vc_row row-internal row-container boomapps_vcrow\"><div class=\"row row-child\"><div class=\"wpb_row row-inner\"><div class=\"wpb_column pos-top pos-center align_center column_child col-lg-12 boomapps_vccolumn single-internal-gutter\"><div class=\"uncol style-light\" ><div class=\"uncoltable\"><div class=\"uncell  boomapps_vccolumn no-block-padding\" ><div class=\"uncont\" ><div class=\"vc_custom_heading_wrap\"><div class=\"heading-text el-text\" ><h2 class=\"h2 text-color-159714-color\" ><span>Destacar<\/span><\/h2><\/div><div class=\"clear\"><\/div><\/div><\/div><\/div><\/div><\/div><\/div><\/div><\/div><\/div><div class=\"vc_row row-internal row-container boomapps_vcrow\"><div class=\"row unequal col-half-gutter row-child\"><div class=\"wpb_row row-inner\"><div class=\"wpb_column pos-top pos-center align_left column_child col-lg-4 boomapps_vccolumn half-internal-gutter\"><div class=\"uncol style-light\" ><div class=\"uncoltable\"><div class=\"uncell  boomapps_vccolumn single-block-padding style-color-xsdn-bg unshadow-none\" ><div class=\"uncont\" ><div class=\"icon-box icon-box-left  spotlight-icons icon-media-image\" ><div class=\"icon-box-icon fa-container\" style=\"width:50px;\" ><span class=\"text-color-696080-color btn-disable-hover\"><img decoding=\"async\" class=\"\" src=\"https:\/\/ergclinical.com\/wp-content\/uploads\/2019\/05\/erg-icon-solo-110.png\" width=\"100\" height=\"109\" alt=\"ERG logomark\"  \/><\/span><\/div><div class=\"icon-box-content\"><div class=\"icon-box-heading icon-box-fa-1x\"><h3 class=\"h3 fontheight-128123\">Acerca de ERG<\/h3><\/div><\/div><\/div><div class=\"uncode_text_column\" ><p>La empresa de investigaci\u00f3n cl\u00ednica independiente l\u00edder del pa\u00eds<\/p>\n<\/div><span class=\"btn-container\" ><a role=\"button\"  href=\"\/es\/about\/\" class=\"custom-link btn btn-link border-width-0 text-color-132591-color btn-icon-left\">Aprende m\u00e1s<\/a><\/span><\/div><\/div><\/div><\/div><\/div><div class=\"wpb_column pos-top pos-center align_left column_child col-lg-4 boomapps_vccolumn half-internal-gutter\"><div class=\"uncol style-light\" ><div class=\"uncoltable\"><div class=\"uncell  boomapps_vccolumn single-block-padding style-color-xsdn-bg\" ><div class=\"uncont\" ><div class=\"icon-box icon-box-left  spotlight-icons icon-media-image\" ><div class=\"icon-box-icon fa-container\" style=\"width:50px;\" ><span class=\"text-color-696080-color btn-disable-hover\"><img decoding=\"async\" class=\"\" src=\"https:\/\/ergclinical.com\/wp-content\/uploads\/2019\/05\/early-phase-icon-green-110.png\" width=\"110\" height=\"110\" alt=\"Early Phase icon\"  \/><\/span><\/div><div class=\"icon-box-content\"><div class=\"icon-box-heading icon-box-fa-1x\"><h3 class=\"h3 fontheight-128123\">Servicios de consultor\u00eda cl\u00ednica<\/h3><\/div><\/div><\/div><div class=\"uncode_text_column\" ><p>Orientaci\u00f3n de los expertos de ERG en cada fase del ensayo cl\u00ednico<\/p>\n<\/div><span class=\"btn-container\" ><a role=\"button\"  href=\"\/es\/clinical-consulting-services\/\" class=\"custom-link btn btn-link border-width-0 text-color-132591-color btn-icon-left\">Aprende m\u00e1s<\/a><\/span><\/div><\/div><\/div><\/div><\/div><div class=\"wpb_column pos-top pos-center align_left column_child col-lg-4 boomapps_vccolumn half-internal-gutter\"><div class=\"uncol style-light\" ><div class=\"uncoltable\"><div class=\"uncell  boomapps_vccolumn single-block-padding style-color-xsdn-bg\" ><div class=\"uncont\" ><div class=\"icon-box icon-box-left  spotlight-icons icon-media-image\" ><div class=\"icon-box-icon fa-container\" style=\"width:50px;\" ><span class=\"text-color-696080-color btn-disable-hover\"><img decoding=\"async\" class=\"\" src=\"https:\/\/ergclinical.com\/wp-content\/uploads\/2019\/05\/sites-icon-green-110.png\" width=\"110\" height=\"110\" alt=\"Clinical site markers icon\"  \/><\/span><\/div><div class=\"icon-box-content\"><div class=\"icon-box-heading icon-box-fa-1x\"><h3 class=\"h3 fontheight-128123\">Sitios ERG<\/h3><\/div><\/div><\/div><div class=\"uncode_text_column\" ><p>Nuestra red de los mejores sitios propios y afiliados de su clase<\/p>\n<\/div><span class=\"btn-container\" ><a role=\"button\"  href=\"\/es\/clinical-sites\/\" class=\"custom-link btn btn-link border-width-0 text-color-132591-color btn-icon-left\">Aprende m\u00e1s<\/a><\/span><\/div><\/div><\/div><\/div><\/div><\/div><\/div><\/div><\/div><\/div><\/div><\/div><\/div><script id=\"script-row-unique-3\" data-row=\"script-row-unique-3\" type=\"text\/javascript\" class=\"vc_controls\">UNCODE.initRow(document.getElementById(\"row-unique-3\"));<\/script><\/div><\/div><\/div>\n<\/div>","protected":false},"excerpt":{"rendered":"Quality AssuranceWe&nbsp;identify&nbsp;risks&nbsp;and&nbsp;vulnerabilities&nbsp;before&nbsp;they&nbsp;become&nbsp;problems.To ensure the highest standards of quality and compliance across all ERG clinical trial sites, our centralized quality assurance [...]","protected":false},"author":1,"featured_media":0,"parent":80636,"menu_order":0,"comment_status":"closed","ping_status":"closed","template":"","meta":{"footnotes":"","_links_to":"","_links_to_target":""},"class_list":["post-80638","page","type-page","status-publish","hentry","page_category-centralized-operations"],"yoast_head":"<!-- This site is optimized with the Yoast SEO plugin v27.4 - https:\/\/yoast.com\/product\/yoast-seo-wordpress\/ -->\n<title>ERG | Quality Assurance<\/title>\n<meta name=\"description\" content=\"ERG\u2019s centralized Quality Assurance oversees all the processes and systems across sites, to ensure the delivery of uniformly high-quality data.\" \/>\n<meta name=\"robots\" content=\"index, follow, max-snippet:-1, max-image-preview:large, max-video-preview:-1\" \/>\n<link rel=\"canonical\" href=\"https:\/\/ergclinical.com\/es\/centralized-operations\/quality-assurance\/\" \/>\n<meta property=\"og:locale\" content=\"es_MX\" \/>\n<meta property=\"og:type\" content=\"article\" \/>\n<meta property=\"og:title\" content=\"ERG | Quality Assurance\" \/>\n<meta property=\"og:description\" content=\"ERG\u2019s centralized Quality Assurance oversees all the processes and systems across sites, to ensure the delivery of uniformly high-quality data.\" \/>\n<meta property=\"og:url\" content=\"https:\/\/ergclinical.com\/es\/centralized-operations\/quality-assurance\/\" \/>\n<meta property=\"og:site_name\" content=\"ERG Clinical\" \/>\n<meta property=\"article:modified_time\" content=\"2019-05-07T22:13:07+00:00\" \/>\n<meta name=\"twitter:card\" content=\"summary_large_image\" \/>\n<meta name=\"twitter:label1\" content=\"Tiempo de lectura\" \/>\n\t<meta name=\"twitter:data1\" content=\"6 minutos\" \/>\n<script type=\"application\/ld+json\" class=\"yoast-schema-graph\">{\"@context\":\"https:\\\/\\\/schema.org\",\"@graph\":[{\"@type\":\"WebPage\",\"@id\":\"https:\\\/\\\/ergclinical.com\\\/centralized-operations\\\/quality-assurance\\\/\",\"url\":\"https:\\\/\\\/ergclinical.com\\\/centralized-operations\\\/quality-assurance\\\/\",\"name\":\"ERG | Quality Assurance\",\"isPartOf\":{\"@id\":\"https:\\\/\\\/ergclinical.com\\\/#website\"},\"datePublished\":\"2019-04-23T21:20:25+00:00\",\"dateModified\":\"2019-05-07T22:13:07+00:00\",\"description\":\"ERG\u2019s centralized Quality Assurance oversees all the processes and systems across sites, to ensure the delivery of uniformly high-quality data.\",\"breadcrumb\":{\"@id\":\"https:\\\/\\\/ergclinical.com\\\/centralized-operations\\\/quality-assurance\\\/#breadcrumb\"},\"inLanguage\":\"es\",\"potentialAction\":[{\"@type\":\"ReadAction\",\"target\":[\"https:\\\/\\\/ergclinical.com\\\/centralized-operations\\\/quality-assurance\\\/\"]}]},{\"@type\":\"BreadcrumbList\",\"@id\":\"https:\\\/\\\/ergclinical.com\\\/centralized-operations\\\/quality-assurance\\\/#breadcrumb\",\"itemListElement\":[{\"@type\":\"ListItem\",\"position\":1,\"name\":\"Home\",\"item\":\"https:\\\/\\\/ergclinical.com\\\/\"},{\"@type\":\"ListItem\",\"position\":2,\"name\":\"Centralized Operations\",\"item\":\"\\\/centralized-operations\\\/quality-assurance\\\/\"},{\"@type\":\"ListItem\",\"position\":3,\"name\":\"Quality Assurance\"}]},{\"@type\":\"WebSite\",\"@id\":\"https:\\\/\\\/ergclinical.com\\\/#website\",\"url\":\"https:\\\/\\\/ergclinical.com\\\/\",\"name\":\"ERG Clinical\",\"description\":\"\",\"publisher\":{\"@id\":\"https:\\\/\\\/ergclinical.com\\\/#organization\"},\"potentialAction\":[{\"@type\":\"SearchAction\",\"target\":{\"@type\":\"EntryPoint\",\"urlTemplate\":\"https:\\\/\\\/ergclinical.com\\\/?s={search_term_string}\"},\"query-input\":{\"@type\":\"PropertyValueSpecification\",\"valueRequired\":true,\"valueName\":\"search_term_string\"}}],\"inLanguage\":\"es\"},{\"@type\":\"Organization\",\"@id\":\"https:\\\/\\\/ergclinical.com\\\/#organization\",\"name\":\"ERG Clinical\",\"url\":\"https:\\\/\\\/ergclinical.com\\\/\",\"logo\":{\"@type\":\"ImageObject\",\"inLanguage\":\"es\",\"@id\":\"https:\\\/\\\/ergclinical.com\\\/#\\\/schema\\\/logo\\\/image\\\/\",\"url\":\"https:\\\/\\\/ergclinical.com\\\/wp-content\\\/uploads\\\/2019\\\/05\\\/erg-site-icon-512-lt.png\",\"contentUrl\":\"https:\\\/\\\/ergclinical.com\\\/wp-content\\\/uploads\\\/2019\\\/05\\\/erg-site-icon-512-lt.png\",\"width\":512,\"height\":512,\"caption\":\"ERG Clinical\"},\"image\":{\"@id\":\"https:\\\/\\\/ergclinical.com\\\/#\\\/schema\\\/logo\\\/image\\\/\"}}]}<\/script>\n<!-- \/ Yoast SEO plugin. -->","yoast_head_json":{"title":"ERG | Garant\u00eda de calidad","description":"El control de calidad centralizado de ERG supervisa todos los procesos y sistemas en todos los sitios, para garantizar la entrega de datos de alta calidad uniformemente.","robots":{"index":"index","follow":"follow","max-snippet":"max-snippet:-1","max-image-preview":"max-image-preview:large","max-video-preview":"max-video-preview:-1"},"canonical":"https:\/\/ergclinical.com\/es\/centralized-operations\/quality-assurance\/","og_locale":"es_MX","og_type":"article","og_title":"ERG | Quality Assurance","og_description":"ERG\u2019s centralized Quality Assurance oversees all the processes and systems across sites, to ensure the delivery of uniformly high-quality data.","og_url":"https:\/\/ergclinical.com\/es\/centralized-operations\/quality-assurance\/","og_site_name":"ERG Clinical","article_modified_time":"2019-05-07T22:13:07+00:00","twitter_card":"summary_large_image","twitter_misc":{"Tiempo de lectura":"6 minutos"},"schema":{"@context":"https:\/\/schema.org","@graph":[{"@type":"WebPage","@id":"https:\/\/ergclinical.com\/centralized-operations\/quality-assurance\/","url":"https:\/\/ergclinical.com\/centralized-operations\/quality-assurance\/","name":"ERG | Garant\u00eda de calidad","isPartOf":{"@id":"https:\/\/ergclinical.com\/#website"},"datePublished":"2019-04-23T21:20:25+00:00","dateModified":"2019-05-07T22:13:07+00:00","description":"El control de calidad centralizado de ERG supervisa todos los procesos y sistemas en todos los sitios, para garantizar la entrega de datos de alta calidad uniformemente.","breadcrumb":{"@id":"https:\/\/ergclinical.com\/centralized-operations\/quality-assurance\/#breadcrumb"},"inLanguage":"es","potentialAction":[{"@type":"ReadAction","target":["https:\/\/ergclinical.com\/centralized-operations\/quality-assurance\/"]}]},{"@type":"BreadcrumbList","@id":"https:\/\/ergclinical.com\/centralized-operations\/quality-assurance\/#breadcrumb","itemListElement":[{"@type":"ListItem","position":1,"name":"Home","item":"https:\/\/ergclinical.com\/"},{"@type":"ListItem","position":2,"name":"Centralized Operations","item":"\/centralized-operations\/quality-assurance\/"},{"@type":"ListItem","position":3,"name":"Quality Assurance"}]},{"@type":"WebSite","@id":"https:\/\/ergclinical.com\/#website","url":"https:\/\/ergclinical.com\/","name":"ERG Cl\u00ednico","description":"","publisher":{"@id":"https:\/\/ergclinical.com\/#organization"},"potentialAction":[{"@type":"SearchAction","target":{"@type":"EntryPoint","urlTemplate":"https:\/\/ergclinical.com\/?s={search_term_string}"},"query-input":{"@type":"PropertyValueSpecification","valueRequired":true,"valueName":"search_term_string"}}],"inLanguage":"es"},{"@type":"Organization","@id":"https:\/\/ergclinical.com\/#organization","name":"ERG Cl\u00ednico","url":"https:\/\/ergclinical.com\/","logo":{"@type":"ImageObject","inLanguage":"es","@id":"https:\/\/ergclinical.com\/#\/schema\/logo\/image\/","url":"https:\/\/ergclinical.com\/wp-content\/uploads\/2019\/05\/erg-site-icon-512-lt.png","contentUrl":"https:\/\/ergclinical.com\/wp-content\/uploads\/2019\/05\/erg-site-icon-512-lt.png","width":512,"height":512,"caption":"ERG Clinical"},"image":{"@id":"https:\/\/ergclinical.com\/#\/schema\/logo\/image\/"}}]}},"_links":{"self":[{"href":"https:\/\/ergclinical.com\/es\/wp-json\/wp\/v2\/pages\/80638","targetHints":{"allow":["GET"]}}],"collection":[{"href":"https:\/\/ergclinical.com\/es\/wp-json\/wp\/v2\/pages"}],"about":[{"href":"https:\/\/ergclinical.com\/es\/wp-json\/wp\/v2\/types\/page"}],"author":[{"embeddable":true,"href":"https:\/\/ergclinical.com\/es\/wp-json\/wp\/v2\/users\/1"}],"replies":[{"embeddable":true,"href":"https:\/\/ergclinical.com\/es\/wp-json\/wp\/v2\/comments?post=80638"}],"version-history":[{"count":0,"href":"https:\/\/ergclinical.com\/es\/wp-json\/wp\/v2\/pages\/80638\/revisions"}],"up":[{"embeddable":true,"href":"https:\/\/ergclinical.com\/es\/wp-json\/wp\/v2\/pages\/80636"}],"wp:attachment":[{"href":"https:\/\/ergclinical.com\/es\/wp-json\/wp\/v2\/media?parent=80638"}],"curies":[{"name":"gracias","href":"https:\/\/api.w.org\/{rel}","templated":true}]}}