{"id":80663,"date":"2019-04-23T21:49:09","date_gmt":"2019-04-23T21:49:09","guid":{"rendered":"http:\/\/dev-erg.pantheonsite.io\/?page_id=80663"},"modified":"2024-09-24T17:16:53","modified_gmt":"2024-09-24T17:16:53","slug":"technology","status":"publish","type":"page","link":"https:\/\/ergclinical.com\/es\/centralized-operations\/technology\/","title":{"rendered":"Tecnolog\u00eda"},"content":{"rendered":"<div class=\"wpb-content-wrapper\"><div data-parent=\"true\" class=\"vc_row hero-expertise row-container with-kburns boomapps_vcrow\" id=\"row-unique-0\"><div class=\"row-background background-element\">\n\t\t\t\t\t\t\t\t\t\t\t<div class=\"background-wrapper\">\n\t\t\t\t\t\t\t\t\t\t\t\t<div class=\"background-inner\" style=\"background-image: url(https:\/\/ergclinical.com\/wp-content\/uploads\/2019\/04\/3.4-technology.jpg);background-repeat: no-repeat;background-position: center center;background-attachment: scroll;background-size: cover;\"><\/div>\n\t\t\t\t\t\t\t\t\t\t\t\t\n\t\t\t\t\t\t\t\t\t\t\t<\/div>\n\t\t\t\t\t\t\t\t\t\t<\/div><div class=\"row limit-width row-parent\" data-minheight=\"250\"><div class=\"wpb_row row-inner\"><div class=\"wpb_column pos-middle pos-center align_left column_parent col-lg-12 boomapps_vccolumn single-internal-gutter\"><div class=\"uncol style-light\"  ><div class=\"uncoltable\"><div class=\"uncell  boomapps_vccolumn no-block-padding\" ><div class=\"uncont\" ><div class=\"vc_row row-internal row-container boomapps_vcrow\"><div class=\"row row-child\"><div class=\"wpb_row row-inner\"><div class=\"wpb_column pos-middle pos-center align_left column_child col-lg-6 boomapps_vccolumn single-internal-gutter\"><div class=\"uncol style-light\" ><div class=\"uncoltable\"><div class=\"uncell  boomapps_vccolumn no-block-padding\" ><div class=\"uncont\" ><div class=\"vc_custom_heading_wrap\"><div class=\"heading-text el-text\" ><h1 class=\"h1 fontheight-179065 text-color-xsdn-color text-uppercase\" ><span>Tecnolog\u00eda<\/span><\/h1><\/div><div class=\"clear\"><\/div><\/div><\/div><\/div><\/div><\/div><\/div><div class=\"wpb_column pos-middle pos-center align_left column_child col-lg-6 white-text boomapps_vccolumn half-internal-gutter\"><div class=\"uncol style-spec style-dark\" ><div class=\"uncoltable\"><div class=\"uncell  boomapps_vccolumn no-block-padding\" ><div class=\"uncont\" ><div class=\"vc_custom_heading_wrap\"><div class=\"heading-text el-text curtain-words animate_inner_when_almost_visible el-text-split\" data-delay=\"400\" data-speed=\"800\"><h3 class=\"font-248554 h3 font-obs\" data-style=\"italic\" data-weight=\"300\" data-font=\"Bitter\"><i><span class=\"heading-text-inner\"><span class=\"split-word word1\"><span class=\"split-word-flow\"><span class=\"split-word-inner\">Tecnolog\u00eda<\/span><\/span><\/span><span class=\"split-word word2\"><span class=\"split-word-flow\"><span class=\"split-word-inner split-empty-inner\"><span class=\"split-word-empty\">&nbsp;<\/span>deber\u00eda<\/span><\/span><\/span><span class=\"split-word word3\"><span class=\"split-word-flow\"><span class=\"split-word-inner split-empty-inner\"><span class=\"split-word-empty\">&nbsp;<\/span>siempre<\/span><\/span><\/span><span class=\"split-word word4\"><span class=\"split-word-flow\"><span class=\"split-word-inner split-empty-inner\"><span class=\"split-word-empty\">&nbsp;<\/span>ser<\/span><\/span><\/span><span class=\"split-word word5\"><span class=\"split-word-flow\"><span class=\"split-word-inner split-empty-inner\"><span class=\"split-word-empty\">&nbsp;<\/span>en<\/span><\/span><\/span><span class=\"split-word word6\"><span class=\"split-word-flow\"><span class=\"split-word-inner split-empty-inner\"><span class=\"split-word-empty\">&nbsp;<\/span>el<\/span><\/span><\/span><span class=\"split-word word7\"><span class=\"split-word-flow\"><span class=\"split-word-inner split-empty-inner\"><span class=\"split-word-empty\">&nbsp;<\/span>servicio<\/span><\/span><\/span><span class=\"split-word word8\"><span class=\"split-word-flow\"><span class=\"split-word-inner split-empty-inner\"><span class=\"split-word-empty\">&nbsp;<\/span>de<\/span><\/span><\/span><span class=\"split-word word9\"><span class=\"split-word-flow\"><span class=\"split-word-inner split-empty-inner\"><span class=\"split-word-empty\">&nbsp;<\/span>mejorado<\/span><\/span><\/span><span class=\"split-word word10\"><span class=\"split-word-flow\"><span class=\"split-word-inner split-empty-inner\"><span class=\"split-word-empty\">&nbsp;<\/span>actuaci\u00f3n.<\/span><\/span><\/span><\/span><\/i><\/h3><\/div><div class=\"clear\"><\/div><\/div><\/div><\/div><\/div><\/div><\/div><\/div><\/div><\/div><\/div><\/div><\/div><\/div><\/div><script id=\"script-row-unique-0\" data-row=\"script-row-unique-0\" type=\"text\/javascript\" class=\"vc_controls\">UNCODE.initRow(document.getElementById(\"row-unique-0\"));<\/script><\/div><\/div><\/div><div data-parent=\"true\" class=\"vc_row has-bg need-focus style-color-176031-bg row-container boomapps_vcrow\" id=\"row-unique-1\"><div class=\"row limit-width row-parent\"><div class=\"wpb_row row-inner\"><div class=\"wpb_column pos-top pos-center align_left column_parent col-lg-12 boomapps_vccolumn single-internal-gutter\"><div class=\"uncol style-light\"  ><div class=\"uncoltable\"><div class=\"uncell  boomapps_vccolumn no-block-padding\" ><div class=\"uncont\" ><div class=\"vc_row row-internal row-container boomapps_vcrow\"><div class=\"row row-child\"><div class=\"wpb_row row-inner\"><div class=\"wpb_column pos-top pos-center align_left column_child col-lg-12 boomapps_vccolumn single-internal-gutter\"><div class=\"uncol style-light\" ><div class=\"uncoltable\"><div class=\"uncell  boomapps_vccolumn no-block-padding\" ><div class=\"uncont\" ><div class=\"vc_custom_heading_wrap\"><div class=\"heading-text el-text\" ><h3 class=\"h3 fontheight-357766 text-color-159714-color\" ><span>Colocar nuestra infraestructura corporativa en la nube garantiza que ERG tenga servicios continuamente disponibles, capacidad de c\u00f3mputo y almacenamiento escalables y mejoras tecnol\u00f3gicas continuas que brindan altos niveles de seguridad y cumplimiento normativo.<\/span><\/h3><\/div><div class=\"clear\"><\/div><\/div><\/div><\/div><\/div><\/div><\/div><\/div><\/div><\/div><\/div><\/div><\/div><\/div><\/div><script id=\"script-row-unique-1\" data-row=\"script-row-unique-1\" type=\"text\/javascript\" class=\"vc_controls\">UNCODE.initRow(document.getElementById(\"row-unique-1\"));<\/script><\/div><\/div><\/div><div data-parent=\"true\" class=\"vc_row erg-sub-section has-bg need-focus style-color-101671-bg row-container boomapps_vcrow\" id=\"row-unique-2\"><div class=\"row limit-width row-parent\"><div class=\"wpb_row row-inner\"><div class=\"wpb_column pos-top pos-center align_left column_parent col-lg-12 boomapps_vccolumn single-internal-gutter\"><div class=\"uncol style-light\"  ><div class=\"uncoltable\"><div class=\"uncell  boomapps_vccolumn no-block-padding\" ><div class=\"uncont\" ><div class=\"vc_row row-internal row-container boomapps_vcrow\"><div class=\"row unequal col-half-gutter row-child\"><div class=\"wpb_row row-inner\"><div class=\"wpb_column pos-top pos-center align_left column_child col-lg-6 boomapps_vccolumn half-internal-gutter\"><div class=\"uncol style-light\" ><div class=\"uncoltable\"><div class=\"uncell  boomapps_vccolumn single-block-padding style-color-xsdn-bg\" ><div class=\"uncont\" ><div class=\"vc_custom_heading_wrap\"><div class=\"heading-text el-text\" ><h2 class=\"h4 font-weight-500\" ><span>Gesti\u00f3n Cl\u00ednica Centralizada<\/span><\/h2><\/div><div class=\"clear\"><\/div><\/div><div class=\"uncode_text_column\" ><p>Al implementar un sistema de gesti\u00f3n cl\u00ednica centralizado basado en la nube en todos los sitios de ERG, podemos optimizar la eficiencia operativa y brindar un servicio superior tanto a los pacientes como a los patrocinadores. La tecnolog\u00eda, que est\u00e1 personalizada para las plantillas de estudio de ERG, nos permite:<\/p>\n<ul>\n<li>Vea los datos de todos los sitios dentro de un estudio espec\u00edfico en un panel agregado<\/li>\n<li>Ver y ejecutar informes sobre protocolos, m\u00e9tricas de garant\u00eda de calidad, presupuestos y resultados de estudios.<\/li>\n<li>Gestionar las comunicaciones entre los investigadores principales, los coordinadores de investigaci\u00f3n cl\u00ednica y otro personal del sitio.<\/li>\n<li>Aproveche t\u00e9cnicas de reclutamiento avanzadas, incluidas referencias de aplicaciones m\u00f3viles, integraci\u00f3n con Facebook, integraci\u00f3n con MailChimp, alertas de estudio de texto masivo y palabras clave de texto.<\/li>\n<li>Obtenga mayor flexibilidad a trav\u00e9s de soluciones m\u00f3viles<\/li>\n<\/ul>\n<p>El resultado: colaboraci\u00f3n mejorada, respuestas m\u00e1s r\u00e1pidas y conocimientos m\u00e1s profundos.<\/p>\n<\/div><\/div><\/div><\/div><\/div><\/div><div class=\"wpb_column pos-top pos-center align_left column_child col-lg-6 boomapps_vccolumn half-internal-gutter\"><div class=\"uncol style-light\" ><div class=\"uncoltable\"><div class=\"uncell  boomapps_vccolumn single-block-padding style-color-xsdn-bg\" ><div class=\"uncont\" ><div class=\"vc_custom_heading_wrap\"><div class=\"heading-text el-text\" ><h2 class=\"h4 font-weight-500\" ><span>Mi aplicaci\u00f3n de prueba<\/span><\/h2><\/div><div class=\"clear\"><\/div><\/div><div class=\"uncode_text_column\" ><\/p>\n<div class=\"elementor-element elementor-element-faef5c1 elementor-widget elementor-widget-heading\" data-id=\"faef5c1\" data-element_type=\"widget\" data-widget_type=\"heading.default\">\n<div class=\"elementor-widget-container\">\n<h3 class=\"elementor-heading-title elementor-size-default\"><span style=\"font-size: 13px;\">\u00a1Ofrecemos una conexi\u00f3n a tu informaci\u00f3n de estudio de forma r\u00e1pida, sencilla y al alcance de tu mano!<\/span><\/h3>\n<\/div>\n<ul>\n<li>Mantente actualizado<\/li>\n<li>Gestionar citas<\/li>\n<li>Ver tu billetera<\/li>\n<li>Ver los estudios actuales que se ofrecen<\/li>\n<li>Solicitar otros estudios disponibles<\/li>\n<li>Disponible en espa\u00f1ol o ingl\u00e9s.<\/li>\n<\/ul>\n<\/div>\n<p>\n<\/div><\/div><\/div><\/div><\/div><\/div><\/div><\/div><\/div><\/div><\/div><\/div><\/div><\/div><script id=\"script-row-unique-2\" data-row=\"script-row-unique-2\" type=\"text\/javascript\" class=\"vc_controls\">UNCODE.initRow(document.getElementById(\"row-unique-2\"));<\/script><\/div><\/div><\/div><div data-parent=\"true\" class=\"vc_row has-bg need-focus style-color-176031-bg row-container boomapps_vcrow\" id=\"row-unique-3\"><div class=\"row limit-width row-parent\"><div class=\"wpb_row row-inner\"><div class=\"wpb_column pos-top pos-center align_left column_parent col-lg-12 boomapps_vccolumn single-internal-gutter\"><div class=\"uncol style-light\"  ><div class=\"uncoltable\"><div class=\"uncell  boomapps_vccolumn no-block-padding\" ><div class=\"uncont\" ><div class=\"vc_row row-internal row-container boomapps_vcrow\"><div class=\"row row-child\"><div class=\"wpb_row row-inner\"><div class=\"wpb_column pos-top pos-center align_center column_child col-lg-12 boomapps_vccolumn single-internal-gutter\"><div class=\"uncol style-light\" ><div class=\"uncoltable\"><div class=\"uncell  boomapps_vccolumn no-block-padding\" ><div class=\"uncont\" ><div class=\"vc_custom_heading_wrap\"><div class=\"heading-text el-text\" ><h2 class=\"h2 text-color-159714-color\" ><span>Destacar<\/span><\/h2><\/div><div class=\"clear\"><\/div><\/div><\/div><\/div><\/div><\/div><\/div><\/div><\/div><\/div><div class=\"vc_row row-internal row-container boomapps_vcrow\"><div class=\"row unequal col-half-gutter row-child\"><div class=\"wpb_row row-inner\"><div class=\"wpb_column pos-top pos-center align_left column_child col-lg-4 boomapps_vccolumn half-internal-gutter\"><div class=\"uncol style-light\" ><div class=\"uncoltable\"><div class=\"uncell  boomapps_vccolumn single-block-padding style-color-xsdn-bg unshadow-none\" ><div class=\"uncont\" ><div class=\"icon-box icon-box-left  spotlight-icons icon-media-image\" ><div class=\"icon-box-icon fa-container\" style=\"width:50px;\" ><span class=\"text-color-696080-color btn-disable-hover\"><img decoding=\"async\" class=\"\" src=\"https:\/\/ergclinical.com\/wp-content\/uploads\/2019\/05\/erg-icon-solo-110.png\" width=\"100\" height=\"109\" alt=\"ERG logomark\"  \/><\/span><\/div><div class=\"icon-box-content\"><div class=\"icon-box-heading icon-box-fa-1x\"><h3 class=\"h3 fontheight-128123\">Acerca de ERG<\/h3><\/div><\/div><\/div><div class=\"uncode_text_column\" ><p>La empresa de investigaci\u00f3n cl\u00ednica independiente l\u00edder del pa\u00eds<\/p>\n<\/div><span class=\"btn-container\" ><a role=\"button\"  href=\"\/es\/about\/\" class=\"custom-link btn btn-link border-width-0 text-color-132591-color btn-icon-left\">Aprende m\u00e1s<\/a><\/span><\/div><\/div><\/div><\/div><\/div><div class=\"wpb_column pos-top pos-center align_left column_child col-lg-4 boomapps_vccolumn half-internal-gutter\"><div class=\"uncol style-light\" ><div class=\"uncoltable\"><div class=\"uncell  boomapps_vccolumn single-block-padding style-color-xsdn-bg\" ><div class=\"uncont\" ><div class=\"icon-box icon-box-left  spotlight-icons icon-media-image\" ><div class=\"icon-box-icon fa-container\" style=\"width:50px;\" ><span class=\"text-color-696080-color btn-disable-hover\"><img decoding=\"async\" class=\"\" src=\"https:\/\/ergclinical.com\/wp-content\/uploads\/2019\/05\/early-phase-icon-green-110.png\" width=\"110\" height=\"110\" alt=\"Early Phase icon\"  \/><\/span><\/div><div class=\"icon-box-content\"><div class=\"icon-box-heading icon-box-fa-1x\"><h3 class=\"h3 fontheight-128123\">Servicios de consultor\u00eda cl\u00ednica<\/h3><\/div><\/div><\/div><div class=\"uncode_text_column\" ><p>Orientaci\u00f3n de los expertos de ERG en cada fase del ensayo cl\u00ednico<\/p>\n<\/div><span class=\"btn-container\" ><a role=\"button\"  href=\"\/es\/scientific-leadership-team\/\" class=\"custom-link btn btn-link border-width-0 text-color-132591-color btn-icon-left\">Aprende m\u00e1s<\/a><\/span><\/div><\/div><\/div><\/div><\/div><div class=\"wpb_column pos-top pos-center align_left column_child col-lg-4 boomapps_vccolumn half-internal-gutter\"><div class=\"uncol style-light\" ><div class=\"uncoltable\"><div class=\"uncell  boomapps_vccolumn single-block-padding style-color-xsdn-bg\" ><div class=\"uncont\" ><div class=\"icon-box icon-box-left  spotlight-icons icon-media-image\" ><div class=\"icon-box-icon fa-container\" style=\"width:50px;\" ><span class=\"text-color-696080-color btn-disable-hover\"><img decoding=\"async\" class=\"\" src=\"https:\/\/ergclinical.com\/wp-content\/uploads\/2019\/05\/sites-icon-green-110.png\" width=\"110\" height=\"110\" alt=\"Clinical site markers icon\"  \/><\/span><\/div><div class=\"icon-box-content\"><div class=\"icon-box-heading icon-box-fa-1x\"><h3 class=\"h3 fontheight-128123\">Sitios ERG<\/h3><\/div><\/div><\/div><div class=\"uncode_text_column\" ><p>Nuestra red de los mejores sitios propios y afiliados de su clase<\/p>\n<\/div><span class=\"btn-container\" ><a role=\"button\"  href=\"\/es\/site-locations\/\" class=\"custom-link btn btn-link border-width-0 text-color-132591-color btn-icon-left\">Aprende m\u00e1s<\/a><\/span><\/div><\/div><\/div><\/div><\/div><\/div><\/div><\/div><\/div><\/div><\/div><\/div><\/div><script id=\"script-row-unique-3\" data-row=\"script-row-unique-3\" type=\"text\/javascript\" class=\"vc_controls\">UNCODE.initRow(document.getElementById(\"row-unique-3\"));<\/script><\/div><\/div><\/div>\n<\/div>","protected":false},"excerpt":{"rendered":"TechnologyTechnology&nbsp;should&nbsp;always&nbsp;be&nbsp;in&nbsp;the&nbsp;service&nbsp;of&nbsp;improved&nbsp;performance.Placing our corporate infrastructure in the cloud ensures ERG has continuously available services, scalable computing power and storage, and ongoing [...]","protected":false},"author":1,"featured_media":0,"parent":80636,"menu_order":0,"comment_status":"closed","ping_status":"closed","template":"","meta":{"footnotes":"","_links_to":"","_links_to_target":""},"class_list":["post-80663","page","type-page","status-publish","hentry","page_category-centralized-operations"],"yoast_head":"<!-- This site is optimized with the Yoast SEO plugin v27.4 - https:\/\/yoast.com\/product\/yoast-seo-wordpress\/ -->\n<title>ERG | Technology<\/title>\n<meta name=\"description\" content=\"ERG\u2019s cloud-based technology systems speed insights and enhance collaboration with high levels of security and regulatory compliance.\" \/>\n<meta name=\"robots\" content=\"index, follow, max-snippet:-1, max-image-preview:large, max-video-preview:-1\" \/>\n<link rel=\"canonical\" href=\"https:\/\/ergclinical.com\/es\/centralized-operations\/technology\/\" \/>\n<meta property=\"og:locale\" content=\"es_MX\" \/>\n<meta property=\"og:type\" content=\"article\" \/>\n<meta property=\"og:title\" content=\"ERG | Technology\" \/>\n<meta property=\"og:description\" content=\"ERG\u2019s cloud-based technology systems speed insights and enhance collaboration with high levels of security and regulatory compliance.\" \/>\n<meta property=\"og:url\" content=\"https:\/\/ergclinical.com\/es\/centralized-operations\/technology\/\" \/>\n<meta property=\"og:site_name\" content=\"ERG Clinical\" \/>\n<meta property=\"article:modified_time\" content=\"2024-09-24T17:16:53+00:00\" \/>\n<meta name=\"twitter:card\" content=\"summary_large_image\" \/>\n<meta name=\"twitter:label1\" content=\"Tiempo de lectura\" \/>\n\t<meta name=\"twitter:data1\" content=\"5 minutos\" \/>\n<script type=\"application\/ld+json\" class=\"yoast-schema-graph\">{\"@context\":\"https:\\\/\\\/schema.org\",\"@graph\":[{\"@type\":\"WebPage\",\"@id\":\"https:\\\/\\\/ergclinical.com\\\/centralized-operations\\\/technology\\\/\",\"url\":\"https:\\\/\\\/ergclinical.com\\\/centralized-operations\\\/technology\\\/\",\"name\":\"ERG | Technology\",\"isPartOf\":{\"@id\":\"https:\\\/\\\/ergclinical.com\\\/#website\"},\"datePublished\":\"2019-04-23T21:49:09+00:00\",\"dateModified\":\"2024-09-24T17:16:53+00:00\",\"description\":\"ERG\u2019s cloud-based technology systems speed insights and enhance collaboration with high levels of security and regulatory compliance.\",\"breadcrumb\":{\"@id\":\"https:\\\/\\\/ergclinical.com\\\/centralized-operations\\\/technology\\\/#breadcrumb\"},\"inLanguage\":\"es\",\"potentialAction\":[{\"@type\":\"ReadAction\",\"target\":[\"https:\\\/\\\/ergclinical.com\\\/centralized-operations\\\/technology\\\/\"]}]},{\"@type\":\"BreadcrumbList\",\"@id\":\"https:\\\/\\\/ergclinical.com\\\/centralized-operations\\\/technology\\\/#breadcrumb\",\"itemListElement\":[{\"@type\":\"ListItem\",\"position\":1,\"name\":\"Home\",\"item\":\"https:\\\/\\\/ergclinical.com\\\/\"},{\"@type\":\"ListItem\",\"position\":2,\"name\":\"Centralized Operations\",\"item\":\"\\\/centralized-operations\\\/quality-assurance\\\/\"},{\"@type\":\"ListItem\",\"position\":3,\"name\":\"Technology\"}]},{\"@type\":\"WebSite\",\"@id\":\"https:\\\/\\\/ergclinical.com\\\/#website\",\"url\":\"https:\\\/\\\/ergclinical.com\\\/\",\"name\":\"ERG Clinical\",\"description\":\"\",\"publisher\":{\"@id\":\"https:\\\/\\\/ergclinical.com\\\/#organization\"},\"potentialAction\":[{\"@type\":\"SearchAction\",\"target\":{\"@type\":\"EntryPoint\",\"urlTemplate\":\"https:\\\/\\\/ergclinical.com\\\/?s={search_term_string}\"},\"query-input\":{\"@type\":\"PropertyValueSpecification\",\"valueRequired\":true,\"valueName\":\"search_term_string\"}}],\"inLanguage\":\"es\"},{\"@type\":\"Organization\",\"@id\":\"https:\\\/\\\/ergclinical.com\\\/#organization\",\"name\":\"ERG Clinical\",\"url\":\"https:\\\/\\\/ergclinical.com\\\/\",\"logo\":{\"@type\":\"ImageObject\",\"inLanguage\":\"es\",\"@id\":\"https:\\\/\\\/ergclinical.com\\\/#\\\/schema\\\/logo\\\/image\\\/\",\"url\":\"https:\\\/\\\/ergclinical.com\\\/wp-content\\\/uploads\\\/2019\\\/05\\\/erg-site-icon-512-lt.png\",\"contentUrl\":\"https:\\\/\\\/ergclinical.com\\\/wp-content\\\/uploads\\\/2019\\\/05\\\/erg-site-icon-512-lt.png\",\"width\":512,\"height\":512,\"caption\":\"ERG Clinical\"},\"image\":{\"@id\":\"https:\\\/\\\/ergclinical.com\\\/#\\\/schema\\\/logo\\\/image\\\/\"}}]}<\/script>\n<!-- \/ Yoast SEO plugin. -->","yoast_head_json":{"title":"ERG | Tecnolog\u00eda","description":"Los sistemas de tecnolog\u00eda basados en la nube de ERG aceleran la obtenci\u00f3n de informaci\u00f3n y mejoran la colaboraci\u00f3n con altos niveles de seguridad y cumplimiento normativo.","robots":{"index":"index","follow":"follow","max-snippet":"max-snippet:-1","max-image-preview":"max-image-preview:large","max-video-preview":"max-video-preview:-1"},"canonical":"https:\/\/ergclinical.com\/es\/centralized-operations\/technology\/","og_locale":"es_MX","og_type":"article","og_title":"ERG | Technology","og_description":"ERG\u2019s cloud-based technology systems speed insights and enhance collaboration with high levels of security and regulatory compliance.","og_url":"https:\/\/ergclinical.com\/es\/centralized-operations\/technology\/","og_site_name":"ERG Clinical","article_modified_time":"2024-09-24T17:16:53+00:00","twitter_card":"summary_large_image","twitter_misc":{"Tiempo de lectura":"5 minutos"},"schema":{"@context":"https:\/\/schema.org","@graph":[{"@type":"WebPage","@id":"https:\/\/ergclinical.com\/centralized-operations\/technology\/","url":"https:\/\/ergclinical.com\/centralized-operations\/technology\/","name":"ERG | Tecnolog\u00eda","isPartOf":{"@id":"https:\/\/ergclinical.com\/#website"},"datePublished":"2019-04-23T21:49:09+00:00","dateModified":"2024-09-24T17:16:53+00:00","description":"Los sistemas de tecnolog\u00eda basados en la nube de ERG aceleran la obtenci\u00f3n de informaci\u00f3n y mejoran la colaboraci\u00f3n con altos niveles de seguridad y cumplimiento normativo.","breadcrumb":{"@id":"https:\/\/ergclinical.com\/centralized-operations\/technology\/#breadcrumb"},"inLanguage":"es","potentialAction":[{"@type":"ReadAction","target":["https:\/\/ergclinical.com\/centralized-operations\/technology\/"]}]},{"@type":"BreadcrumbList","@id":"https:\/\/ergclinical.com\/centralized-operations\/technology\/#breadcrumb","itemListElement":[{"@type":"ListItem","position":1,"name":"Home","item":"https:\/\/ergclinical.com\/"},{"@type":"ListItem","position":2,"name":"Centralized Operations","item":"\/centralized-operations\/quality-assurance\/"},{"@type":"ListItem","position":3,"name":"Technology"}]},{"@type":"WebSite","@id":"https:\/\/ergclinical.com\/#website","url":"https:\/\/ergclinical.com\/","name":"ERG Cl\u00ednico","description":"","publisher":{"@id":"https:\/\/ergclinical.com\/#organization"},"potentialAction":[{"@type":"SearchAction","target":{"@type":"EntryPoint","urlTemplate":"https:\/\/ergclinical.com\/?s={search_term_string}"},"query-input":{"@type":"PropertyValueSpecification","valueRequired":true,"valueName":"search_term_string"}}],"inLanguage":"es"},{"@type":"Organization","@id":"https:\/\/ergclinical.com\/#organization","name":"ERG Cl\u00ednico","url":"https:\/\/ergclinical.com\/","logo":{"@type":"ImageObject","inLanguage":"es","@id":"https:\/\/ergclinical.com\/#\/schema\/logo\/image\/","url":"https:\/\/ergclinical.com\/wp-content\/uploads\/2019\/05\/erg-site-icon-512-lt.png","contentUrl":"https:\/\/ergclinical.com\/wp-content\/uploads\/2019\/05\/erg-site-icon-512-lt.png","width":512,"height":512,"caption":"ERG Clinical"},"image":{"@id":"https:\/\/ergclinical.com\/#\/schema\/logo\/image\/"}}]}},"_links":{"self":[{"href":"https:\/\/ergclinical.com\/es\/wp-json\/wp\/v2\/pages\/80663","targetHints":{"allow":["GET"]}}],"collection":[{"href":"https:\/\/ergclinical.com\/es\/wp-json\/wp\/v2\/pages"}],"about":[{"href":"https:\/\/ergclinical.com\/es\/wp-json\/wp\/v2\/types\/page"}],"author":[{"embeddable":true,"href":"https:\/\/ergclinical.com\/es\/wp-json\/wp\/v2\/users\/1"}],"replies":[{"embeddable":true,"href":"https:\/\/ergclinical.com\/es\/wp-json\/wp\/v2\/comments?post=80663"}],"version-history":[{"count":0,"href":"https:\/\/ergclinical.com\/es\/wp-json\/wp\/v2\/pages\/80663\/revisions"}],"up":[{"embeddable":true,"href":"https:\/\/ergclinical.com\/es\/wp-json\/wp\/v2\/pages\/80636"}],"wp:attachment":[{"href":"https:\/\/ergclinical.com\/es\/wp-json\/wp\/v2\/media?parent=80663"}],"curies":[{"name":"gracias","href":"https:\/\/api.w.org\/{rel}","templated":true}]}}