{"id":80865,"date":"2019-04-24T21:03:38","date_gmt":"2019-04-24T21:03:38","guid":{"rendered":"http:\/\/dev-erg.pantheonsite.io\/?page_id=80865"},"modified":"2019-09-17T16:02:21","modified_gmt":"2019-09-17T16:02:21","slug":"news","status":"publish","type":"page","link":"https:\/\/ergclinical.com\/es\/resources\/news\/","title":{"rendered":"Noticias"},"content":{"rendered":"<div class=\"wpb-content-wrapper\"><div data-parent=\"true\" class=\"vc_row row-container with-kburns boomapps_vcrow\" id=\"row-unique-0\"><div class=\"row-background background-element\">\n\t\t\t\t\t\t\t\t\t\t\t<div class=\"background-wrapper\">\n\t\t\t\t\t\t\t\t\t\t\t\t<div class=\"background-inner\" style=\"background-image: url(https:\/\/ergclinical.com\/wp-content\/uploads\/2019\/04\/8.0-resources.jpg);background-repeat: no-repeat;background-position: center bottom;background-attachment: scroll;background-size: cover;\"><\/div>\n\t\t\t\t\t\t\t\t\t\t\t\t\n\t\t\t\t\t\t\t\t\t\t\t<\/div>\n\t\t\t\t\t\t\t\t\t\t<\/div><div class=\"row limit-width row-parent\" data-minheight=\"125\"><div class=\"wpb_row row-inner\"><div class=\"wpb_column pos-middle pos-center align_left column_parent col-lg-12 boomapps_vccolumn single-internal-gutter\"><div class=\"uncol style-light\"  ><div class=\"uncoltable\"><div class=\"uncell  boomapps_vccolumn no-block-padding\" ><div class=\"uncont\" ><div class=\"vc_row row-internal row-container boomapps_vcrow\"><div class=\"row row-child\"><div class=\"wpb_row row-inner\"><div class=\"wpb_column pos-middle pos-center align_left column_child col-lg-12 boomapps_vccolumn one-internal-gutter\"><div class=\"uncol style-light\" ><div class=\"uncoltable\"><div class=\"uncell  boomapps_vccolumn no-block-padding\" ><div class=\"uncont\" ><div class=\"vc_custom_heading_wrap\"><div class=\"heading-text el-text\" ><h1 class=\"h1 text-color-xsdn-color text-uppercase\" ><span>Noticias<\/span><\/h1><\/div><div class=\"clear\"><\/div><\/div><div class=\"vc_custom_heading_wrap\"><div class=\"heading-text el-text\" ><h3 class=\"h3 font-weight-400 text-color-xsdn-color\" ><span>Noticias, descubrimientos, oportunidades y observaciones de nuestros expertos<\/span><\/h3><\/div><div class=\"clear\"><\/div><\/div><\/div><\/div><\/div><\/div><\/div><\/div><\/div><\/div><\/div><\/div><\/div><\/div><\/div><script id=\"script-row-unique-0\" data-row=\"script-row-unique-0\" type=\"text\/javascript\" class=\"vc_controls\">UNCODE.initRow(document.getElementById(\"row-unique-0\"));<\/script><\/div><\/div><\/div><div data-parent=\"true\" class=\"vc_row erg-sub-section has-bg need-focus style-color-101671-bg row-container boomapps_vcrow\" id=\"row-unique-1\"><div class=\"row limit-width row-parent\"><div class=\"wpb_row row-inner\"><div class=\"wpb_column pos-top pos-center align_left column_parent col-lg-12 boomapps_vccolumn single-internal-gutter\"><div class=\"uncol style-light\"  ><div class=\"uncoltable\"><div class=\"uncell  boomapps_vccolumn no-block-padding\" ><div class=\"uncont\" ><div class=\"vc_row row-internal row-container boomapps_vcrow\"><div class=\"row row-child\"><div class=\"wpb_row row-inner\"><div class=\"wpb_column pos-top pos-center align_left column_child col-lg-12 boomapps_vccolumn single-internal-gutter\"><div class=\"uncol style-light\" ><div class=\"uncoltable\"><div class=\"uncell  boomapps_vccolumn no-block-padding\" ><div class=\"uncont\" ><div class=\"vc_wp_custommenu wpb_content_element erg-subnav\"  data-id=\"1\"><div class=\"widget widget_nav_menu\"><div class=\"menu-resources-container\"><ul id=\"menu-resources\" class=\"menu-smart sm menu-horizontal\"><li id=\"menu-item-80857\" class=\"menu-item menu-item-type-post_type menu-item-object-page menu-item-80857\"><a href=\"https:\/\/ergclinical.com\/es\/resources\/thought-leadership\/\">Liderazgo de pensamiento<\/a><\/li>\n<li id=\"menu-item-80870\" class=\"menu-item menu-item-type-post_type menu-item-object-page menu-item-80870\"><a href=\"https:\/\/ergclinical.com\/es\/resources\/news\/\">Noticias<\/a><\/li>\n<li id=\"menu-item-80869\" class=\"menu-item menu-item-type-post_type menu-item-object-page menu-item-80869\"><a href=\"https:\/\/ergclinical.com\/es\/resources\/case-studies\/\">Estudios de casos<\/a><\/li>\n<\/ul><\/div><\/div><\/div><\/div><\/div><\/div><\/div><\/div><\/div><\/div><\/div><div class=\"vc_row row-internal row-container boomapps_vcrow\"><div class=\"row row-child\"><div class=\"wpb_row row-inner\"><div class=\"wpb_column pos-top pos-center align_left column_child col-lg-12 boomapps_vccolumn single-internal-gutter\"><div class=\"uncol style-light\" ><div class=\"uncoltable\"><div class=\"uncell  boomapps_vccolumn no-block-padding\" ><div class=\"uncont\" ><div id=\"index-768134\" class=\"isotope-system isotope-general-light grid-general-light\" >\n\t\t\t\n\t\t\t\t\t\t\t\t\t\t\t\t\t\t<div class=\"isotope-wrapper grid-wrapper half-gutter\" >\t\t\t\t\t\t\t\t\t\t\t\t<div class=\"isotope-container grid-container isotope-layout style-masonry isotope-infinite grid-infinite isotope-infinite-button grid-infinite-button\" data-type=\"masonry\" data-layout=\"masonry\" data-lg=\"1000\" data-md=\"600\" data-sm=\"480\" data-vp-height=\"\">\t\t\t<div class=\"tmb atc-typography-inherit tmb-iso-w12 tmb-iso-h4 tmb-light tmb-overlay-text-anim tmb-overlay-anim tmb-content-left tmb-text-space-reduced tmb-image-anim  grid-cat-82 tmb-no-double-tap tmb-id-84484 tmb-only-text tmb-content-under\" ><div class=\"t-inside style-color-xsdn-bg no-anim\" ><div class=\"t-entry-text\">\n\t\t\t\t\t\t\t\t\t<div class=\"t-entry-text-tc single-block-padding\"><div class=\"t-entry\"><p class=\"t-entry-meta\"><span class=\"t-entry-date\">5 de junio de 2025<\/span><\/p><h2 class=\"t-entry-title h3 title-scale\"><a href=\"https:\/\/ergclinical.com\/es\/erg-lotus-partnership-with-centre-for-human-drug-research-chdr\/\" target=\"_self\">Asociaci\u00f3n ERG\/Lotus con el Centro para la Investigaci\u00f3n de Medicamentos Humanos (CHDR)<\/a><\/h2><p class=\"t-entry-readmore btn-container\"><a href=\"https:\/\/ergclinical.com\/es\/erg-lotus-partnership-with-centre-for-human-drug-research-chdr\/\" class=\"btn btn-link\" target=\"_self\">Leer m\u00e1s<\/a><\/p><\/div><\/div>\n\t\t\t\t\t\t\t<\/div><\/div><\/div><div class=\"tmb atc-typography-inherit tmb-iso-w12 tmb-iso-h4 tmb-light tmb-overlay-text-anim tmb-overlay-anim tmb-content-left tmb-text-space-reduced tmb-image-anim  grid-cat-82 tmb-no-double-tap tmb-id-84480 tmb-only-text tmb-content-under\" ><div class=\"t-inside style-color-xsdn-bg no-anim\" ><div class=\"t-entry-text\">\n\t\t\t\t\t\t\t\t\t<div class=\"t-entry-text-tc single-block-padding\"><div class=\"t-entry\"><p class=\"t-entry-meta\"><span class=\"t-entry-date\">5 de junio de 2025<\/span><\/p><h2 class=\"t-entry-title h3 title-scale\"><a href=\"https:\/\/ergclinical.com\/es\/clinical-pharmacology-of-miami-llcs-new-state-of-the-art-phase-1-clinical-research-unit\/\" target=\"_self\">Nueva unidad de investigaci\u00f3n cl\u00ednica de fase 1 de vanguardia de Clinical Pharmacology of Miami, LLC<\/a><\/h2><p class=\"t-entry-readmore btn-container\"><a href=\"https:\/\/ergclinical.com\/es\/clinical-pharmacology-of-miami-llcs-new-state-of-the-art-phase-1-clinical-research-unit\/\" class=\"btn btn-link\" target=\"_self\">Leer m\u00e1s<\/a><\/p><\/div><\/div>\n\t\t\t\t\t\t\t<\/div><\/div><\/div><div class=\"tmb atc-typography-inherit tmb-iso-w12 tmb-iso-h4 tmb-light tmb-overlay-text-anim tmb-overlay-anim tmb-content-left tmb-text-space-reduced tmb-image-anim  grid-cat-82 tmb-no-double-tap tmb-id-84340 tmb-only-text tmb-content-under\" ><div class=\"t-inside style-color-xsdn-bg no-anim\" ><div class=\"t-entry-text\">\n\t\t\t\t\t\t\t\t\t<div class=\"t-entry-text-tc single-block-padding\"><div class=\"t-entry\"><p class=\"t-entry-meta\"><span class=\"t-entry-date\">5 de diciembre de 2023<\/span><\/p><h2 class=\"t-entry-title h3 title-scale\"><a href=\"https:\/\/ergclinical.com\/es\/innovative-mobile-health-unit-revolutionizes-clinical-research-site-education-and-outreach\/\" target=\"_self\">Una innovadora unidad de salud m\u00f3vil revoluciona la educaci\u00f3n y la divulgaci\u00f3n en los centros de investigaci\u00f3n cl\u00ednica<\/a><\/h2><p class=\"t-entry-readmore btn-container\"><a href=\"https:\/\/ergclinical.com\/es\/innovative-mobile-health-unit-revolutionizes-clinical-research-site-education-and-outreach\/\" class=\"btn btn-link\" target=\"_self\">Leer m\u00e1s<\/a><\/p><\/div><\/div>\n\t\t\t\t\t\t\t<\/div><\/div><\/div><div class=\"tmb atc-typography-inherit tmb-iso-w12 tmb-iso-h4 tmb-light tmb-overlay-text-anim tmb-overlay-anim tmb-content-left tmb-text-space-reduced tmb-image-anim  grid-cat-82 tmb-no-double-tap tmb-id-84310 tmb-only-text tmb-content-under\" ><div class=\"t-inside style-color-xsdn-bg no-anim\" ><div class=\"t-entry-text\">\n\t\t\t\t\t\t\t\t\t<div class=\"t-entry-text-tc single-block-padding\"><div class=\"t-entry\"><p class=\"t-entry-meta\"><span class=\"t-entry-date\">25 de mayo de 2023<\/span><\/p><h2 class=\"t-entry-title h3 title-scale\"><a href=\"https:\/\/ergclinical.com\/es\/evolution-research-group-llc-reorganizes-its-clinical-site-services-by-therapeutic-area-portfolios-taps-and-announces-leadership-team-appointments\/\" target=\"_self\">EVOLUTION RESEARCH GROUP, LLC REORGANIZA SUS SERVICIOS DE SITIO CL\u00cdNICO POR CARTERA DE \u00c1REA TERAP\u00c9UTICA (TAP) Y ANUNCIA NOMBRAMIENTOS EN EL EQUIPO DE LIDERAZGO<\/a><\/h2><p class=\"t-entry-readmore btn-container\"><a href=\"https:\/\/ergclinical.com\/es\/evolution-research-group-llc-reorganizes-its-clinical-site-services-by-therapeutic-area-portfolios-taps-and-announces-leadership-team-appointments\/\" class=\"btn btn-link\" target=\"_self\">Leer m\u00e1s<\/a><\/p><\/div><\/div>\n\t\t\t\t\t\t\t<\/div><\/div><\/div><div class=\"tmb atc-typography-inherit tmb-iso-w12 tmb-iso-h4 tmb-light tmb-overlay-text-anim tmb-overlay-anim tmb-content-left tmb-text-space-reduced tmb-image-anim  grid-cat-82 tmb-no-double-tap tmb-id-84303 tmb-only-text tmb-content-under\" ><div class=\"t-inside style-color-xsdn-bg no-anim\" ><div class=\"t-entry-text\">\n\t\t\t\t\t\t\t\t\t<div class=\"t-entry-text-tc single-block-padding\"><div class=\"t-entry\"><p class=\"t-entry-meta\"><span class=\"t-entry-date\">13 de abril de 2023<\/span><\/p><h2 class=\"t-entry-title h3 title-scale\"><a href=\"https:\/\/ergclinical.com\/es\/evolution-research-group-llc-further-expands-early-phase-capabilities-at-clinical-pharmacology-of-miami-cpmi-with-increased-medical-team-expertise\/\" target=\"_self\">Evolution Research Group, LLC ampl\u00eda a\u00fan m\u00e1s las capacidades de fase temprana en Clinical Pharmacology of Miami (CPMI) con una mayor experiencia del equipo m\u00e9dico<\/a><\/h2><p class=\"t-entry-readmore btn-container\"><a href=\"https:\/\/ergclinical.com\/es\/evolution-research-group-llc-further-expands-early-phase-capabilities-at-clinical-pharmacology-of-miami-cpmi-with-increased-medical-team-expertise\/\" class=\"btn btn-link\" target=\"_self\">Leer m\u00e1s<\/a><\/p><\/div><\/div>\n\t\t\t\t\t\t\t<\/div><\/div><\/div><div class=\"tmb atc-typography-inherit tmb-iso-w12 tmb-iso-h4 tmb-light tmb-overlay-text-anim tmb-overlay-anim tmb-content-left tmb-text-space-reduced tmb-image-anim  grid-cat-82 tmb-no-double-tap tmb-id-84191 tmb-only-text tmb-content-under\" ><div class=\"t-inside style-color-xsdn-bg no-anim\" ><div class=\"t-entry-text\">\n\t\t\t\t\t\t\t\t\t<div class=\"t-entry-text-tc single-block-padding\"><div class=\"t-entry\"><p class=\"t-entry-meta\"><span class=\"t-entry-date\">2 de diciembre de 2022<\/span><\/p><h2 class=\"t-entry-title h3 title-scale\"><a href=\"https:\/\/ergclinical.com\/es\/pacira-biosciences-announces-positive-topline-data-from-phase-3-study-of-exparel-as-a-single-dose-sciatic-nerve-block-in-the-popliteal-fossa-for-bunionectomy\/\" target=\"_self\">Pacira Biosciences anuncia datos positivos del estudio de fase 3 de Exparel como un bloqueador del nervio ci\u00e1tico de dosis \u00fanica en la fosa popl\u00edtea para la juanectom\u00eda<\/a><\/h2><p class=\"t-entry-readmore btn-container\"><a href=\"https:\/\/ergclinical.com\/es\/pacira-biosciences-announces-positive-topline-data-from-phase-3-study-of-exparel-as-a-single-dose-sciatic-nerve-block-in-the-popliteal-fossa-for-bunionectomy\/\" class=\"btn btn-link\" target=\"_self\">Leer m\u00e1s<\/a><\/p><\/div><\/div>\n\t\t\t\t\t\t\t<\/div><\/div><\/div><div class=\"tmb atc-typography-inherit tmb-iso-w12 tmb-iso-h4 tmb-light tmb-overlay-text-anim tmb-overlay-anim tmb-content-left tmb-text-space-reduced tmb-image-anim  grid-cat-82 tmb-no-double-tap tmb-id-84187 tmb-only-text tmb-content-under\" ><div class=\"t-inside style-color-xsdn-bg no-anim\" ><div class=\"t-entry-text\">\n\t\t\t\t\t\t\t\t\t<div class=\"t-entry-text-tc single-block-padding\"><div class=\"t-entry\"><p class=\"t-entry-meta\"><span class=\"t-entry-date\">2 de diciembre de 2022<\/span><\/p><h2 class=\"t-entry-title h3 title-scale\"><a href=\"https:\/\/ergclinical.com\/es\/pacira-biosciences-announces-positive-topline-data-from-phase-3-study-of-exparel-as-a-single-dose-femoral-nerve-block-in-the-adductor-canal-for-total-knee-arthroplasty\/\" target=\"_self\">Pacira BioSciences anuncia datos positivos del estudio de fase 3 de EXPAREL como un bloqueador del nervio femoral de dosis \u00fanica en el canal aductor para la artroplastia total de rodilla<\/a><\/h2><p class=\"t-entry-readmore btn-container\"><a href=\"https:\/\/ergclinical.com\/es\/pacira-biosciences-announces-positive-topline-data-from-phase-3-study-of-exparel-as-a-single-dose-femoral-nerve-block-in-the-adductor-canal-for-total-knee-arthroplasty\/\" class=\"btn btn-link\" target=\"_self\">Leer m\u00e1s<\/a><\/p><\/div><\/div>\n\t\t\t\t\t\t\t<\/div><\/div><\/div><div class=\"tmb atc-typography-inherit tmb-iso-w12 tmb-iso-h4 tmb-light tmb-overlay-text-anim tmb-overlay-anim tmb-content-left tmb-text-space-reduced tmb-image-anim  grid-cat-82 tmb-no-double-tap tmb-id-84179 tmb-only-text tmb-content-under\" ><div class=\"t-inside style-color-xsdn-bg no-anim\" ><div class=\"t-entry-text\">\n\t\t\t\t\t\t\t\t\t<div class=\"t-entry-text-tc single-block-padding\"><div class=\"t-entry\"><p class=\"t-entry-meta\"><span class=\"t-entry-date\">16 de noviembre de 2022<\/span><\/p><h2 class=\"t-entry-title h3 title-scale\"><a href=\"https:\/\/ergclinical.com\/es\/evolution-research-group-llc-establishes-internal-continuing-medical-education-cme-program-partners-with-university-of-miami-miller-school-of-medicine\/\" target=\"_self\">Evolution Research Group, LLC establece un programa interno de educaci\u00f3n m\u00e9dica continua (CME) en colaboraci\u00f3n con la Facultad de Medicina Miller de la Universidad de Miami<\/a><\/h2><p class=\"t-entry-readmore btn-container\"><a href=\"https:\/\/ergclinical.com\/es\/evolution-research-group-llc-establishes-internal-continuing-medical-education-cme-program-partners-with-university-of-miami-miller-school-of-medicine\/\" class=\"btn btn-link\" target=\"_self\">Leer m\u00e1s<\/a><\/p><\/div><\/div>\n\t\t\t\t\t\t\t<\/div><\/div><\/div><div class=\"tmb atc-typography-inherit tmb-iso-w12 tmb-iso-h4 tmb-light tmb-overlay-text-anim tmb-overlay-anim tmb-content-left tmb-text-space-reduced tmb-image-anim  grid-cat-82 tmb-no-double-tap tmb-id-84143 tmb-only-text tmb-content-under\" ><div class=\"t-inside style-color-xsdn-bg no-anim\" ><div class=\"t-entry-text\">\n\t\t\t\t\t\t\t\t\t<div class=\"t-entry-text-tc single-block-padding\"><div class=\"t-entry\"><p class=\"t-entry-meta\"><span class=\"t-entry-date\">14 de junio de 2022<\/span><\/p><h2 class=\"t-entry-title h3 title-scale\"><a href=\"https:\/\/ergclinical.com\/es\/evolution-research-group-llc-acquires-ohio-clinical-trials-llc-further-expanding-clinical-pharmacology-early-stage-development-service-capabilities\/\" target=\"_self\">Evolution Research Group, LLC adquiere Ohio Clinical Trials, LLC y ampl\u00eda a\u00fan m\u00e1s sus capacidades de servicios de desarrollo en etapa temprana y farmacolog\u00eda cl\u00ednica<\/a><\/h2><p class=\"t-entry-readmore btn-container\"><a href=\"https:\/\/ergclinical.com\/es\/evolution-research-group-llc-acquires-ohio-clinical-trials-llc-further-expanding-clinical-pharmacology-early-stage-development-service-capabilities\/\" class=\"btn btn-link\" target=\"_self\">Leer m\u00e1s<\/a><\/p><\/div><\/div>\n\t\t\t\t\t\t\t<\/div><\/div><\/div><div class=\"tmb atc-typography-inherit tmb-iso-w12 tmb-iso-h4 tmb-light tmb-overlay-text-anim tmb-overlay-anim tmb-content-left tmb-text-space-reduced tmb-image-anim  grid-cat-82 tmb-no-double-tap tmb-id-84076 tmb-only-text tmb-content-under\" ><div class=\"t-inside style-color-xsdn-bg no-anim\" ><div class=\"t-entry-text\">\n\t\t\t\t\t\t\t\t\t<div class=\"t-entry-text-tc single-block-padding\"><div class=\"t-entry\"><p class=\"t-entry-meta\"><span class=\"t-entry-date\">2 de febrero de 2022<\/span><\/p><h2 class=\"t-entry-title h3 title-scale\"><a href=\"https:\/\/ergclinical.com\/es\/evolution-research-group-establishes-clinical-collaborations-with-concentric-analgesics-and-the-university-of-rochester-medical-center-an-orthopedic-surgery-center-of-excellence\/\" target=\"_self\">Evolution Research Group establece colaboraciones cl\u00ednicas con Concentric Analgesics.<\/a><\/h2><p class=\"t-entry-readmore btn-container\"><a href=\"https:\/\/ergclinical.com\/es\/evolution-research-group-establishes-clinical-collaborations-with-concentric-analgesics-and-the-university-of-rochester-medical-center-an-orthopedic-surgery-center-of-excellence\/\" class=\"btn btn-link\" target=\"_self\">Leer m\u00e1s<\/a><\/p><\/div><\/div>\n\t\t\t\t\t\t\t<\/div><\/div><\/div>\t\t<\/div>\t\n\t\n\n\t<\/div>\t\t\t<div class=\"isotope-footer grid-footer style-light without-bg half-gutter\">\n\t\t\t\t\t\t\t<div class=\"isotope-footer-inner grid-footer-inner limit-width menu-light text-center\">\n\t\t\t\t\t<nav class=\"loadmore-button\">\n\t\t\t\t\t\t<a data-page=\"2\" data-pages=\"6\" href=\"https:\/\/ergclinical.com\/es\/wp-json\/wp\/v2\/pages\/80865\/?upage=2\" class=\"btn btn-color-132591\" data-label=\"Load more\"><span>Cargar m\u00e1s<\/span><\/a>\t\t\t\t\t<\/nav>\n\t\t\t\t<\/div>\n\t\t\t\t\t<\/div>\n\t\t\t\t<\/div>\n<\/div><\/div><\/div><\/div><\/div><\/div><\/div><\/div><\/div><\/div><\/div><\/div><\/div><script id=\"script-row-unique-1\" data-row=\"script-row-unique-1\" type=\"text\/javascript\" class=\"vc_controls\">UNCODE.initRow(document.getElementById(\"row-unique-1\"));<\/script><\/div><\/div><\/div>\n<\/div>","protected":false},"excerpt":{"rendered":"Clinical Collaborations Established with Evolution Research Group, a Preeminent Postsurgical Pain Study Site Network, and the University of Rochester Medical [...]","protected":false},"author":1,"featured_media":0,"parent":80849,"menu_order":0,"comment_status":"closed","ping_status":"closed","template":"","meta":{"footnotes":"","_links_to":"","_links_to_target":""},"class_list":["post-80865","page","type-page","status-publish","hentry","page_category-resources"],"yoast_head":"<!-- This site is optimized with the Yoast SEO plugin v27.3 - https:\/\/yoast.com\/product\/yoast-seo-wordpress\/ -->\n<title>News - ERG Clinical<\/title>\n<meta name=\"description\" content=\"News, Discoveries, Opportunities, and Observations from ERG Clinical Experts.\" \/>\n<meta name=\"robots\" content=\"index, follow, max-snippet:-1, max-image-preview:large, max-video-preview:-1\" \/>\n<link rel=\"canonical\" href=\"https:\/\/ergclinical.com\/es\/resources\/news\/\" \/>\n<meta property=\"og:locale\" content=\"es_MX\" \/>\n<meta property=\"og:type\" content=\"article\" \/>\n<meta property=\"og:title\" content=\"News - ERG Clinical\" \/>\n<meta property=\"og:description\" content=\"News, Discoveries, Opportunities, and Observations from ERG Clinical Experts.\" \/>\n<meta property=\"og:url\" content=\"https:\/\/ergclinical.com\/es\/resources\/news\/\" \/>\n<meta property=\"og:site_name\" content=\"ERG Clinical\" \/>\n<meta property=\"article:modified_time\" content=\"2019-09-17T16:02:21+00:00\" \/>\n<meta name=\"twitter:card\" content=\"summary_large_image\" \/>\n<meta name=\"twitter:label1\" content=\"Tiempo de lectura\" \/>\n\t<meta name=\"twitter:data1\" content=\"2 minutos\" \/>\n<script type=\"application\/ld+json\" class=\"yoast-schema-graph\">{\"@context\":\"https:\\\/\\\/schema.org\",\"@graph\":[{\"@type\":\"WebPage\",\"@id\":\"https:\\\/\\\/ergclinical.com\\\/resources\\\/news\\\/\",\"url\":\"https:\\\/\\\/ergclinical.com\\\/resources\\\/news\\\/\",\"name\":\"News - ERG Clinical\",\"isPartOf\":{\"@id\":\"https:\\\/\\\/ergclinical.com\\\/#website\"},\"datePublished\":\"2019-04-24T21:03:38+00:00\",\"dateModified\":\"2019-09-17T16:02:21+00:00\",\"description\":\"News, Discoveries, Opportunities, and Observations from ERG Clinical Experts.\",\"breadcrumb\":{\"@id\":\"https:\\\/\\\/ergclinical.com\\\/resources\\\/news\\\/#breadcrumb\"},\"inLanguage\":\"es\",\"potentialAction\":[{\"@type\":\"ReadAction\",\"target\":[\"https:\\\/\\\/ergclinical.com\\\/resources\\\/news\\\/\"]}]},{\"@type\":\"BreadcrumbList\",\"@id\":\"https:\\\/\\\/ergclinical.com\\\/resources\\\/news\\\/#breadcrumb\",\"itemListElement\":[{\"@type\":\"ListItem\",\"position\":1,\"name\":\"Home\",\"item\":\"https:\\\/\\\/ergclinical.com\\\/\"},{\"@type\":\"ListItem\",\"position\":2,\"name\":\"Resources\",\"item\":\"\\\/resources\\\/thought-leadership\\\/\"},{\"@type\":\"ListItem\",\"position\":3,\"name\":\"News\"}]},{\"@type\":\"WebSite\",\"@id\":\"https:\\\/\\\/ergclinical.com\\\/#website\",\"url\":\"https:\\\/\\\/ergclinical.com\\\/\",\"name\":\"ERG Clinical\",\"description\":\"\",\"publisher\":{\"@id\":\"https:\\\/\\\/ergclinical.com\\\/#organization\"},\"potentialAction\":[{\"@type\":\"SearchAction\",\"target\":{\"@type\":\"EntryPoint\",\"urlTemplate\":\"https:\\\/\\\/ergclinical.com\\\/?s={search_term_string}\"},\"query-input\":{\"@type\":\"PropertyValueSpecification\",\"valueRequired\":true,\"valueName\":\"search_term_string\"}}],\"inLanguage\":\"es\"},{\"@type\":\"Organization\",\"@id\":\"https:\\\/\\\/ergclinical.com\\\/#organization\",\"name\":\"ERG Clinical\",\"url\":\"https:\\\/\\\/ergclinical.com\\\/\",\"logo\":{\"@type\":\"ImageObject\",\"inLanguage\":\"es\",\"@id\":\"https:\\\/\\\/ergclinical.com\\\/#\\\/schema\\\/logo\\\/image\\\/\",\"url\":\"https:\\\/\\\/ergclinical.com\\\/wp-content\\\/uploads\\\/2019\\\/05\\\/erg-site-icon-512-lt.png\",\"contentUrl\":\"https:\\\/\\\/ergclinical.com\\\/wp-content\\\/uploads\\\/2019\\\/05\\\/erg-site-icon-512-lt.png\",\"width\":512,\"height\":512,\"caption\":\"ERG Clinical\"},\"image\":{\"@id\":\"https:\\\/\\\/ergclinical.com\\\/#\\\/schema\\\/logo\\\/image\\\/\"}}]}<\/script>\n<!-- \/ Yoast SEO plugin. -->","yoast_head_json":{"title":"Noticias - ERG Clinical","description":"Noticias, descubrimientos, oportunidades y observaciones de los expertos cl\u00ednicos de ERG.","robots":{"index":"index","follow":"follow","max-snippet":"max-snippet:-1","max-image-preview":"max-image-preview:large","max-video-preview":"max-video-preview:-1"},"canonical":"https:\/\/ergclinical.com\/es\/resources\/news\/","og_locale":"es_MX","og_type":"article","og_title":"News - ERG Clinical","og_description":"News, Discoveries, Opportunities, and Observations from ERG Clinical Experts.","og_url":"https:\/\/ergclinical.com\/es\/resources\/news\/","og_site_name":"ERG Clinical","article_modified_time":"2019-09-17T16:02:21+00:00","twitter_card":"summary_large_image","twitter_misc":{"Tiempo de lectura":"2 minutos"},"schema":{"@context":"https:\/\/schema.org","@graph":[{"@type":"WebPage","@id":"https:\/\/ergclinical.com\/resources\/news\/","url":"https:\/\/ergclinical.com\/resources\/news\/","name":"Noticias - ERG Clinical","isPartOf":{"@id":"https:\/\/ergclinical.com\/#website"},"datePublished":"2019-04-24T21:03:38+00:00","dateModified":"2019-09-17T16:02:21+00:00","description":"Noticias, descubrimientos, oportunidades y observaciones de los expertos cl\u00ednicos de ERG.","breadcrumb":{"@id":"https:\/\/ergclinical.com\/resources\/news\/#breadcrumb"},"inLanguage":"es","potentialAction":[{"@type":"ReadAction","target":["https:\/\/ergclinical.com\/resources\/news\/"]}]},{"@type":"BreadcrumbList","@id":"https:\/\/ergclinical.com\/resources\/news\/#breadcrumb","itemListElement":[{"@type":"ListItem","position":1,"name":"Home","item":"https:\/\/ergclinical.com\/"},{"@type":"ListItem","position":2,"name":"Resources","item":"\/resources\/thought-leadership\/"},{"@type":"ListItem","position":3,"name":"News"}]},{"@type":"WebSite","@id":"https:\/\/ergclinical.com\/#website","url":"https:\/\/ergclinical.com\/","name":"ERG Cl\u00ednico","description":"","publisher":{"@id":"https:\/\/ergclinical.com\/#organization"},"potentialAction":[{"@type":"SearchAction","target":{"@type":"EntryPoint","urlTemplate":"https:\/\/ergclinical.com\/?s={search_term_string}"},"query-input":{"@type":"PropertyValueSpecification","valueRequired":true,"valueName":"search_term_string"}}],"inLanguage":"es"},{"@type":"Organization","@id":"https:\/\/ergclinical.com\/#organization","name":"ERG Cl\u00ednico","url":"https:\/\/ergclinical.com\/","logo":{"@type":"ImageObject","inLanguage":"es","@id":"https:\/\/ergclinical.com\/#\/schema\/logo\/image\/","url":"https:\/\/ergclinical.com\/wp-content\/uploads\/2019\/05\/erg-site-icon-512-lt.png","contentUrl":"https:\/\/ergclinical.com\/wp-content\/uploads\/2019\/05\/erg-site-icon-512-lt.png","width":512,"height":512,"caption":"ERG Clinical"},"image":{"@id":"https:\/\/ergclinical.com\/#\/schema\/logo\/image\/"}}]}},"_links":{"self":[{"href":"https:\/\/ergclinical.com\/es\/wp-json\/wp\/v2\/pages\/80865","targetHints":{"allow":["GET"]}}],"collection":[{"href":"https:\/\/ergclinical.com\/es\/wp-json\/wp\/v2\/pages"}],"about":[{"href":"https:\/\/ergclinical.com\/es\/wp-json\/wp\/v2\/types\/page"}],"author":[{"embeddable":true,"href":"https:\/\/ergclinical.com\/es\/wp-json\/wp\/v2\/users\/1"}],"replies":[{"embeddable":true,"href":"https:\/\/ergclinical.com\/es\/wp-json\/wp\/v2\/comments?post=80865"}],"version-history":[{"count":0,"href":"https:\/\/ergclinical.com\/es\/wp-json\/wp\/v2\/pages\/80865\/revisions"}],"up":[{"embeddable":true,"href":"https:\/\/ergclinical.com\/es\/wp-json\/wp\/v2\/pages\/80849"}],"wp:attachment":[{"href":"https:\/\/ergclinical.com\/es\/wp-json\/wp\/v2\/media?parent=80865"}],"curies":[{"name":"gracias","href":"https:\/\/api.w.org\/{rel}","templated":true}]}}