{"id":81242,"date":"2019-04-26T22:04:41","date_gmt":"2019-04-26T22:04:41","guid":{"rendered":"http:\/\/dev-erg.pantheonsite.io\/?page_id=81242"},"modified":"2025-06-26T16:00:06","modified_gmt":"2025-06-26T16:00:06","slug":"contact-us","status":"publish","type":"page","link":"https:\/\/ergclinical.com\/es\/contact-us\/","title":{"rendered":"Cont\u00e1ctenos"},"content":{"rendered":"<div class=\"wpb-content-wrapper\"><div data-parent=\"true\" class=\"vc_row row-container with-kburns boomapps_vcrow\" id=\"row-unique-0\"><div class=\"row-background background-element\">\n\t\t\t\t\t\t\t\t\t\t\t<div class=\"background-wrapper\">\n\t\t\t\t\t\t\t\t\t\t\t\t<div class=\"background-inner\" style=\"background-image: url(https:\/\/ergclinical.com\/wp-content\/uploads\/2019\/04\/9.0-contact.jpg);background-repeat: no-repeat;background-position: center center;background-attachment: scroll;background-size: cover;\"><\/div>\n\t\t\t\t\t\t\t\t\t\t\t\t\n\t\t\t\t\t\t\t\t\t\t\t<\/div>\n\t\t\t\t\t\t\t\t\t\t<\/div><div class=\"row limit-width row-parent\" data-minheight=\"125\"><div class=\"wpb_row row-inner\"><div class=\"wpb_column pos-middle pos-center align_left column_parent col-lg-12 boomapps_vccolumn single-internal-gutter\"><div class=\"uncol style-light\"  ><div class=\"uncoltable\"><div class=\"uncell  boomapps_vccolumn no-block-padding\" ><div class=\"uncont\" ><div class=\"vc_row row-internal row-container boomapps_vcrow\"><div class=\"row row-child\"><div class=\"wpb_row row-inner\"><div class=\"wpb_column pos-middle pos-center align_left column_child col-lg-12 boomapps_vccolumn one-internal-gutter\"><div class=\"uncol style-light\" ><div class=\"uncoltable\"><div class=\"uncell  boomapps_vccolumn no-block-padding\" ><div class=\"uncont\" ><div class=\"vc_custom_heading_wrap\"><div class=\"heading-text el-text\" ><h1 class=\"h1 text-color-xsdn-color text-uppercase\" ><span>Cont\u00e1ctenos<\/span><\/h1><\/div><div class=\"clear\"><\/div><\/div><div class=\"vc_custom_heading_wrap\"><div class=\"heading-text el-text\" ><h3 class=\"h3 font-weight-400 text-color-xsdn-color\" ><span>Gracias por su inter\u00e9s en Evolution Research Group<\/span><\/h3><\/div><div class=\"clear\"><\/div><\/div><\/div><\/div><\/div><\/div><\/div><\/div><\/div><\/div><\/div><\/div><\/div><\/div><\/div><script id=\"script-row-unique-0\" data-row=\"script-row-unique-0\" type=\"text\/javascript\" class=\"vc_controls\">UNCODE.initRow(document.getElementById(\"row-unique-0\"));<\/script><\/div><\/div><\/div><div data-parent=\"true\" class=\"vc_row erg-sub-section has-bg need-focus style-color-101671-bg row-container boomapps_vcrow\" id=\"row-unique-1\"><div class=\"row limit-width row-parent\"><div class=\"wpb_row row-inner\"><div class=\"wpb_column pos-top pos-center align_left column_parent col-lg-12 boomapps_vccolumn no-internal-gutter\"><div class=\"uncol style-light\"  ><div class=\"uncoltable\"><div class=\"uncell  boomapps_vccolumn no-block-padding\" ><div class=\"uncont\" ><div class=\"vc_row style-color-xsdn-bg row-internal row-container boomapps_vcrow\"><div class=\"row unequal col-no-gutter row-child\"><div class=\"wpb_row row-inner\"><div class=\"wpb_column pos-top pos-center align_left column_child col-lg-4 boomapps_vccolumn single-internal-gutter\"><div class=\"uncol style-light\" ><div class=\"uncoltable\"><div class=\"uncell  boomapps_vccolumn single-block-padding style-color-176031-bg\" ><div class=\"uncont\" ><div class=\"vc_custom_heading_wrap\"><div class=\"heading-text el-text\" ><h3 class=\"h3\" ><span>Esperamos explicarle nuestros m\u00e9todos, descubrir sus necesidades y explorar formas de trabajar juntos.<\/span><\/h3><\/div><div class=\"clear\"><\/div><\/div><div class=\"uncode_text_column\" ><p><strong>Tel\u00e9fono principal<\/strong><br \/>\n908.756.4411<\/p>\n<p><strong>DIRECCI\u00d3N<\/strong><\/p>\n<div><span data-olk-copy-source=\"MailCompose\">110 Fieldcrest Ave, tercer piso, <\/span><\/div>\n<div><span data-olk-copy-source=\"MailCompose\">PMB #6295<\/span><br \/>\nEdison, Nueva Jersey 08837<\/div>\n<p>\n<\/div><\/div><\/div><\/div><\/div><\/div><div class=\"wpb_column pos-top pos-center align_left column_child col-lg-8 boomapps_vccolumn half-internal-gutter\"><div class=\"uncol style-light\" ><div class=\"uncoltable\"><div class=\"uncell  boomapps_vccolumn single-block-padding\" ><div class=\"uncont\" ><div class=\"vc_custom_heading_wrap\"><div class=\"heading-text el-text\" ><h2 class=\"h3\" ><span>Solicitar informaci\u00f3n o una consulta telef\u00f3nica<\/span><\/h2><\/div><div class=\"clear\"><\/div><\/div><div class=\"uncode_text_column\" ><p><span class=\"required-fields\">*<\/span>Los campos con un asterisco son obligatorios<\/p>\n<\/div>\n<div class=\"wpcf7 no-js\" id=\"wpcf7-f81605-o1\" lang=\"en-US\" dir=\"ltr\" data-wpcf7-id=\"81605\">\n<div class=\"screen-reader-response\"><p role=\"status\" aria-live=\"polite\" aria-atomic=\"true\"><\/p> <ul><\/ul><\/div>\n<form action=\"\/es\/wp-json\/wp\/v2\/pages\/81242#wpcf7-f81605-o1\" method=\"post\" class=\"wpcf7-form init\" aria-label=\"Formulario de contacto\" novalidate=\"novalidate\" data-status=\"init\" data-trp-original-action=\"\/es\/wp-json\/wp\/v2\/pages\/81242#wpcf7-f81605-o1\">\n<fieldset class=\"hidden-fields-container\"><input type=\"hidden\" name=\"_wpcf7\" value=\"81605\" \/><input type=\"hidden\" name=\"_wpcf7_version\" value=\"6.1.5\" \/><input type=\"hidden\" name=\"_wpcf7_locale\" value=\"en_US\" \/><input type=\"hidden\" name=\"_wpcf7_unit_tag\" value=\"wpcf7-f81605-o1\" \/><input type=\"hidden\" name=\"_wpcf7_container_post\" value=\"0\" \/><input type=\"hidden\" name=\"_wpcf7_posted_data_hash\" value=\"\" \/>\n<\/fieldset>\n<div class=\"wpcf7-inline-wrapper\">\n\t<p class=\"wpcf7-inline-field\"><span class=\"erg-form-label\">Nombre de pila<span class=\"required-fields\">*<\/span><\/span><br \/>\n<span class=\"wpcf7-form-control-wrap\" data-name=\"your-firstname\"><input size=\"40\" maxlength=\"400\" class=\"wpcf7-form-control wpcf7-text wpcf7-validates-as-required\" aria-required=\"true\" aria-invalid=\"false\" value=\"\" type=\"text\" name=\"your-firstname\" \/><\/span>\n\t<\/p>\n\t<p class=\"wpcf7-inline-field\"><span class=\"erg-form-label\">Apellido<span class=\"required-fields\">*<\/span><\/span><br \/>\n<span class=\"wpcf7-form-control-wrap\" data-name=\"your-lastname\"><input size=\"40\" maxlength=\"400\" class=\"wpcf7-form-control wpcf7-text wpcf7-validates-as-required\" aria-required=\"true\" aria-invalid=\"false\" value=\"\" type=\"text\" name=\"your-lastname\" \/><\/span>\n\t<\/p>\n<\/div>\n<div class=\"wpcf7-inline-wrapper\">\n\t<p class=\"wpcf7-inline-field\"><span class=\"erg-form-label\">Compa\u00f1\u00eda<\/span><br \/>\n<span class=\"wpcf7-form-control-wrap\" data-name=\"your-company\"><input size=\"40\" maxlength=\"400\" class=\"wpcf7-form-control wpcf7-text\" aria-invalid=\"false\" value=\"\" type=\"text\" name=\"your-company\" \/><\/span>\n\t<\/p>\n\t<p class=\"wpcf7-inline-field\"><span class=\"erg-form-label\">T\u00edtulo<\/span><br \/>\n<span class=\"wpcf7-form-control-wrap\" data-name=\"your-title\"><input size=\"40\" maxlength=\"400\" class=\"wpcf7-form-control wpcf7-text\" aria-invalid=\"false\" value=\"\" type=\"text\" name=\"your-title\" \/><\/span>\n\t<\/p>\n<\/div>\n<div class=\"wpcf7-inline-wrapper\">\n\t<p class=\"wpcf7-inline-field\"><span class=\"erg-form-label\">Direcci\u00f3n de correo electr\u00f3nico<span class=\"required-fields\">*<\/span><\/span><br \/>\n<span class=\"wpcf7-form-control-wrap\" data-name=\"your-email\"><input size=\"40\" maxlength=\"400\" class=\"wpcf7-form-control wpcf7-email wpcf7-validates-as-required wpcf7-text wpcf7-validates-as-email\" aria-required=\"true\" aria-invalid=\"false\" value=\"\" type=\"email\" name=\"your-email\" \/><\/span>\n\t<\/p>\n\t<p class=\"wpcf7-inline-field\"><span class=\"erg-form-label\">N\u00famero de tel\u00e9fono<\/span><br \/>\n<span class=\"wpcf7-form-control-wrap\" data-name=\"your-phone\"><input size=\"40\" maxlength=\"400\" class=\"wpcf7-form-control wpcf7-tel wpcf7-text wpcf7-validates-as-tel\" aria-invalid=\"false\" value=\"\" type=\"tel\" name=\"your-phone\" \/><\/span>\n\t<\/p>\n<\/div>\n<div class=\"wpcf7-inline-wrapper\">\n\t<p class=\"wpcf7-inline-field\"><span class=\"erg-form-label\">Especialidad<\/span><br \/>\n<span class=\"wpcf7-form-control-wrap\" data-name=\"Specialty\"><select class=\"wpcf7-form-control wpcf7-select\" aria-invalid=\"false\" name=\"Specialty\"><option value=\"Select\">Seleccionar<\/option><option value=\"Addiction\">Adiccion<\/option><option value=\"Biomarkers\">Biomarcadores<\/option><option value=\"Cardiac Safety\">Seguridad cardiaca<\/option><option value=\"Diabetes\">Diabetes<\/option><option value=\"Early Phase Studies\">Estudios de fase temprana<\/option><option value=\"NASH\">nash<\/option><option value=\"Neurology\">Neurolog\u00eda<\/option><option value=\"Other\">Otro<\/option><option value=\"Pain\">Dolor<\/option><option value=\"Pediatrics\">Pediatr\u00eda<\/option><option value=\"Psychiatry\">Psiquiatr\u00eda<\/option><option value=\"Renal and Hepatic\">Renal y Hep\u00e1tico<\/option><option value=\"Sleep Disorders\">Trastornos del sue\u00f1o<\/option><option value=\"Tobacco\">Tabaco<\/option><\/select><\/span>\n\t<\/p>\n\t<p class=\"wpcf7-inline-field\"><span class=\"erg-form-label\">Fase<\/span><br \/>\n<span class=\"wpcf7-form-control-wrap\" data-name=\"Phase\"><select class=\"wpcf7-form-control wpcf7-select\" aria-invalid=\"false\" name=\"Phase\"><option value=\"Select\">Seleccionar<\/option><option value=\"Preclinical\">Precl\u00ednico<\/option><option value=\"Phase I\">Fase I<\/option><option value=\"Phase II\">Fase II<\/option><option value=\"Phase III\">Fase III<\/option><option value=\"Phase IV\">Fase IV<\/option><\/select><\/span>\n\t<\/p>\n<\/div>\n<p><span class=\"erg-form-label\">\u00bfC\u00f3mo podemos ayudar?<\/span><br \/>\n<span class=\"wpcf7-form-control-wrap\" data-name=\"your-message\"><textarea cols=\"40\" rows=\"10\" maxlength=\"2000\" class=\"wpcf7-form-control wpcf7-textarea\" aria-invalid=\"false\" name=\"your-message\"><\/textarea><\/span>\n<\/p>\n<p><span class=\"wpcf7-form-control-wrap\" data-name=\"accept-this-1\"><span class=\"wpcf7-form-control wpcf7-acceptance\"><span class=\"wpcf7-list-item\"><label><input type=\"checkbox\" name=\"accept-this-1\" value=\"1\" aria-invalid=\"false\" \/><span class=\"wpcf7-list-item-label\">Marque aqu\u00ed si acepta nuestros t\u00e9rminos (<a href=\"\/es\/privacy-policy\/\">pol\u00edtica de privacidad<\/a>)<\/span><\/label><\/span><\/span><\/span>\n<\/p>\n<p><input class=\"wpcf7-form-control wpcf7-submit has-spinner btn btn-accent\" type=\"submit\" value=\"Entregar\" \/>\n<\/p><div class=\"wpcf7-response-output\" aria-hidden=\"true\"><\/div>\n<input type=\"hidden\" name=\"trp-form-language\" value=\"es\"\/><\/form>\n<\/div>\n<\/div><\/div><\/div><\/div><\/div><\/div><\/div><\/div><\/div><\/div><\/div><\/div><\/div><script id=\"script-row-unique-1\" data-row=\"script-row-unique-1\" type=\"text\/javascript\" class=\"vc_controls\">UNCODE.initRow(document.getElementById(\"row-unique-1\"));<\/script><\/div><\/div><\/div>\n<\/div>","protected":false},"excerpt":{"rendered":"Contact UsThank You for Your Interest in Evolution Research GroupWe look forward to explaining our methods, discovering your needs, and [...]","protected":false},"author":8,"featured_media":0,"parent":0,"menu_order":0,"comment_status":"closed","ping_status":"closed","template":"","meta":{"footnotes":"","_links_to":"","_links_to_target":""},"class_list":["post-81242","page","type-page","status-publish","hentry","page_category-contact-us"],"yoast_head":"<!-- This site is optimized with the Yoast SEO plugin v27.4 - https:\/\/yoast.com\/product\/yoast-seo-wordpress\/ -->\n<title>ERG | Contact Us<\/title>\n<meta name=\"description\" content=\"Contact ERG to learn more about our services and our methods\u2014and to explore ways to work together.\" \/>\n<meta name=\"robots\" content=\"index, follow, max-snippet:-1, max-image-preview:large, max-video-preview:-1\" \/>\n<link rel=\"canonical\" href=\"https:\/\/ergclinical.com\/es\/contact-us\/\" \/>\n<meta property=\"og:locale\" content=\"es_MX\" \/>\n<meta property=\"og:type\" content=\"article\" \/>\n<meta property=\"og:title\" content=\"ERG | Contact Us\" \/>\n<meta property=\"og:description\" content=\"Contact ERG to learn more about our services and our methods\u2014and to explore ways to work together.\" \/>\n<meta property=\"og:url\" content=\"https:\/\/ergclinical.com\/es\/contact-us\/\" \/>\n<meta property=\"og:site_name\" content=\"ERG Clinical\" \/>\n<meta property=\"article:modified_time\" content=\"2025-06-26T16:00:06+00:00\" \/>\n<meta name=\"twitter:card\" content=\"summary_large_image\" \/>\n<meta name=\"twitter:label1\" content=\"Tiempo de lectura\" \/>\n\t<meta name=\"twitter:data1\" content=\"1 minuto\" \/>\n<script type=\"application\/ld+json\" class=\"yoast-schema-graph\">{\"@context\":\"https:\\\/\\\/schema.org\",\"@graph\":[{\"@type\":\"WebPage\",\"@id\":\"https:\\\/\\\/ergclinical.com\\\/contact-us\\\/\",\"url\":\"https:\\\/\\\/ergclinical.com\\\/contact-us\\\/\",\"name\":\"ERG | Contact Us\",\"isPartOf\":{\"@id\":\"https:\\\/\\\/ergclinical.com\\\/#website\"},\"datePublished\":\"2019-04-26T22:04:41+00:00\",\"dateModified\":\"2025-06-26T16:00:06+00:00\",\"description\":\"Contact ERG to learn more about our services and our methods\u2014and to explore ways to work together.\",\"breadcrumb\":{\"@id\":\"https:\\\/\\\/ergclinical.com\\\/contact-us\\\/#breadcrumb\"},\"inLanguage\":\"es\",\"potentialAction\":[{\"@type\":\"ReadAction\",\"target\":[\"https:\\\/\\\/ergclinical.com\\\/contact-us\\\/\"]}]},{\"@type\":\"BreadcrumbList\",\"@id\":\"https:\\\/\\\/ergclinical.com\\\/contact-us\\\/#breadcrumb\",\"itemListElement\":[{\"@type\":\"ListItem\",\"position\":1,\"name\":\"Home\",\"item\":\"https:\\\/\\\/ergclinical.com\\\/\"},{\"@type\":\"ListItem\",\"position\":2,\"name\":\"Contact Us\"}]},{\"@type\":\"WebSite\",\"@id\":\"https:\\\/\\\/ergclinical.com\\\/#website\",\"url\":\"https:\\\/\\\/ergclinical.com\\\/\",\"name\":\"ERG Clinical\",\"description\":\"\",\"publisher\":{\"@id\":\"https:\\\/\\\/ergclinical.com\\\/#organization\"},\"potentialAction\":[{\"@type\":\"SearchAction\",\"target\":{\"@type\":\"EntryPoint\",\"urlTemplate\":\"https:\\\/\\\/ergclinical.com\\\/?s={search_term_string}\"},\"query-input\":{\"@type\":\"PropertyValueSpecification\",\"valueRequired\":true,\"valueName\":\"search_term_string\"}}],\"inLanguage\":\"es\"},{\"@type\":\"Organization\",\"@id\":\"https:\\\/\\\/ergclinical.com\\\/#organization\",\"name\":\"ERG Clinical\",\"url\":\"https:\\\/\\\/ergclinical.com\\\/\",\"logo\":{\"@type\":\"ImageObject\",\"inLanguage\":\"es\",\"@id\":\"https:\\\/\\\/ergclinical.com\\\/#\\\/schema\\\/logo\\\/image\\\/\",\"url\":\"https:\\\/\\\/ergclinical.com\\\/wp-content\\\/uploads\\\/2019\\\/05\\\/erg-site-icon-512-lt.png\",\"contentUrl\":\"https:\\\/\\\/ergclinical.com\\\/wp-content\\\/uploads\\\/2019\\\/05\\\/erg-site-icon-512-lt.png\",\"width\":512,\"height\":512,\"caption\":\"ERG Clinical\"},\"image\":{\"@id\":\"https:\\\/\\\/ergclinical.com\\\/#\\\/schema\\\/logo\\\/image\\\/\"}}]}<\/script>\n<!-- \/ Yoast SEO plugin. -->","yoast_head_json":{"title":"ERG | Cont\u00e1ctenos","description":"Comun\u00edquese con ERG para obtener m\u00e1s informaci\u00f3n sobre nuestros servicios y nuestros m\u00e9todos, y para explorar formas de trabajar juntos.","robots":{"index":"index","follow":"follow","max-snippet":"max-snippet:-1","max-image-preview":"max-image-preview:large","max-video-preview":"max-video-preview:-1"},"canonical":"https:\/\/ergclinical.com\/es\/contact-us\/","og_locale":"es_MX","og_type":"article","og_title":"ERG | Contact Us","og_description":"Contact ERG to learn more about our services and our methods\u2014and to explore ways to work together.","og_url":"https:\/\/ergclinical.com\/es\/contact-us\/","og_site_name":"ERG Clinical","article_modified_time":"2025-06-26T16:00:06+00:00","twitter_card":"summary_large_image","twitter_misc":{"Tiempo de lectura":"1 minuto"},"schema":{"@context":"https:\/\/schema.org","@graph":[{"@type":"WebPage","@id":"https:\/\/ergclinical.com\/contact-us\/","url":"https:\/\/ergclinical.com\/contact-us\/","name":"ERG | Cont\u00e1ctenos","isPartOf":{"@id":"https:\/\/ergclinical.com\/#website"},"datePublished":"2019-04-26T22:04:41+00:00","dateModified":"2025-06-26T16:00:06+00:00","description":"Comun\u00edquese con ERG para obtener m\u00e1s informaci\u00f3n sobre nuestros servicios y nuestros m\u00e9todos, y para explorar formas de trabajar juntos.","breadcrumb":{"@id":"https:\/\/ergclinical.com\/contact-us\/#breadcrumb"},"inLanguage":"es","potentialAction":[{"@type":"ReadAction","target":["https:\/\/ergclinical.com\/contact-us\/"]}]},{"@type":"BreadcrumbList","@id":"https:\/\/ergclinical.com\/contact-us\/#breadcrumb","itemListElement":[{"@type":"ListItem","position":1,"name":"Home","item":"https:\/\/ergclinical.com\/"},{"@type":"ListItem","position":2,"name":"Contact Us"}]},{"@type":"WebSite","@id":"https:\/\/ergclinical.com\/#website","url":"https:\/\/ergclinical.com\/","name":"ERG Cl\u00ednico","description":"","publisher":{"@id":"https:\/\/ergclinical.com\/#organization"},"potentialAction":[{"@type":"SearchAction","target":{"@type":"EntryPoint","urlTemplate":"https:\/\/ergclinical.com\/?s={search_term_string}"},"query-input":{"@type":"PropertyValueSpecification","valueRequired":true,"valueName":"search_term_string"}}],"inLanguage":"es"},{"@type":"Organization","@id":"https:\/\/ergclinical.com\/#organization","name":"ERG Cl\u00ednico","url":"https:\/\/ergclinical.com\/","logo":{"@type":"ImageObject","inLanguage":"es","@id":"https:\/\/ergclinical.com\/#\/schema\/logo\/image\/","url":"https:\/\/ergclinical.com\/wp-content\/uploads\/2019\/05\/erg-site-icon-512-lt.png","contentUrl":"https:\/\/ergclinical.com\/wp-content\/uploads\/2019\/05\/erg-site-icon-512-lt.png","width":512,"height":512,"caption":"ERG Clinical"},"image":{"@id":"https:\/\/ergclinical.com\/#\/schema\/logo\/image\/"}}]}},"_links":{"self":[{"href":"https:\/\/ergclinical.com\/es\/wp-json\/wp\/v2\/pages\/81242","targetHints":{"allow":["GET"]}}],"collection":[{"href":"https:\/\/ergclinical.com\/es\/wp-json\/wp\/v2\/pages"}],"about":[{"href":"https:\/\/ergclinical.com\/es\/wp-json\/wp\/v2\/types\/page"}],"author":[{"embeddable":true,"href":"https:\/\/ergclinical.com\/es\/wp-json\/wp\/v2\/users\/8"}],"replies":[{"embeddable":true,"href":"https:\/\/ergclinical.com\/es\/wp-json\/wp\/v2\/comments?post=81242"}],"version-history":[{"count":0,"href":"https:\/\/ergclinical.com\/es\/wp-json\/wp\/v2\/pages\/81242\/revisions"}],"wp:attachment":[{"href":"https:\/\/ergclinical.com\/es\/wp-json\/wp\/v2\/media?parent=81242"}],"curies":[{"name":"gracias","href":"https:\/\/api.w.org\/{rel}","templated":true}]}}