{"id":83170,"date":"2020-03-11T16:44:37","date_gmt":"2020-03-11T16:44:37","guid":{"rendered":"https:\/\/ergclinical.wpengine.com\/?page_id=83170"},"modified":"2021-11-05T23:38:49","modified_gmt":"2021-11-05T23:38:49","slug":"site-videos","status":"publish","type":"page","link":"https:\/\/ergclinical.com\/es\/site-videos\/","title":{"rendered":"V\u00eddeos del sitio"},"content":{"rendered":"<div class=\"wpb-content-wrapper\"><div data-parent=\"true\" class=\"vc_row row-container with-kburns boomapps_vcrow\" id=\"row-unique-0\"><div class=\"row-background background-element\">\n\t\t\t\t\t\t\t\t\t\t\t<div class=\"background-wrapper\">\n\t\t\t\t\t\t\t\t\t\t\t\t<div class=\"background-inner\" style=\"background-image: url(https:\/\/ergclinical.com\/wp-content\/uploads\/2019\/04\/5.0-clinical-sites.jpg);background-repeat: no-repeat;background-position: center center;background-attachment: scroll;background-size: cover;\"><\/div>\n\t\t\t\t\t\t\t\t\t\t\t\t\n\t\t\t\t\t\t\t\t\t\t\t<\/div>\n\t\t\t\t\t\t\t\t\t\t<\/div><div class=\"row limit-width row-parent\" data-minheight=\"125\"><div class=\"wpb_row row-inner\"><div class=\"wpb_column pos-middle pos-center align_left column_parent col-lg-12 boomapps_vccolumn single-internal-gutter\"><div class=\"uncol style-light\"  ><div class=\"uncoltable\"><div class=\"uncell  boomapps_vccolumn no-block-padding\" ><div class=\"uncont\" ><div class=\"vc_row row-internal row-container boomapps_vcrow\"><div class=\"row row-child\"><div class=\"wpb_row row-inner\"><div class=\"wpb_column pos-middle pos-center align_left column_child col-lg-12 boomapps_vccolumn one-internal-gutter\"><div class=\"uncol style-light\" ><div class=\"uncoltable\"><div class=\"uncell  boomapps_vccolumn no-block-padding\" ><div class=\"uncont\" ><div class=\"vc_custom_heading_wrap\"><div class=\"heading-text el-text\" ><h1 class=\"h1 text-color-xsdn-color text-uppercase\" ><span>V\u00eddeos del sitio<\/span><\/h1><\/div><div class=\"clear\"><\/div><\/div><\/div><\/div><\/div><\/div><\/div><\/div><\/div><\/div><\/div><\/div><\/div><\/div><\/div><script id=\"script-row-unique-0\" data-row=\"script-row-unique-0\" type=\"text\/javascript\" class=\"vc_controls\">UNCODE.initRow(document.getElementById(\"row-unique-0\"));<\/script><\/div><\/div><\/div><div data-parent=\"true\" class=\"vc_row erg-sub-section has-bg need-focus style-color-101671-bg row-container boomapps_vcrow\" id=\"row-unique-1\"><div class=\"row double-top-padding double-bottom-padding single-h-padding limit-width row-parent\"><div class=\"wpb_row row-inner\"><div class=\"wpb_column pos-top pos-center align_left column_parent col-lg-12 boomapps_vccolumn single-internal-gutter\"><div class=\"uncol style-light\"  ><div class=\"uncoltable\"><div class=\"uncell  boomapps_vccolumn no-block-padding\" ><div class=\"uncont\" ><div class=\"vc_row row-internal row-container boomapps_vcrow\"><div class=\"row unequal row-child\"><div class=\"wpb_row row-inner\"><div class=\"wpb_column pos-top pos-center align_left column_child col-lg-12 boomapps_vccolumn single-internal-gutter\"><div class=\"uncol style-light\" ><div class=\"uncoltable\"><div class=\"uncell  boomapps_vccolumn no-block-padding\" ><div class=\"uncont\" ><div class=\"vc_custom_heading_wrap\"><div class=\"heading-text el-text\" ><h2 class=\"h2\" ><span>\u00a1MUY PRONTO!<\/span><\/h2><\/div><div class=\"clear\"><\/div><\/div><\/div><\/div><\/div><\/div><\/div><\/div><\/div><\/div><\/div><\/div><\/div><\/div><\/div><script id=\"script-row-unique-1\" data-row=\"script-row-unique-1\" type=\"text\/javascript\" class=\"vc_controls\">UNCODE.initRow(document.getElementById(\"row-unique-1\"));<\/script><\/div><\/div><\/div><div data-parent=\"true\" class=\"vc_row erg-sub-section has-bg need-focus style-color-101671-bg row-container boomapps_vcrow\" id=\"row-unique-2\"><div class=\"row double-top-padding double-bottom-padding single-h-padding limit-width row-parent\"><div class=\"wpb_row row-inner\"><div class=\"wpb_column pos-top pos-center align_left column_parent col-lg-12 boomapps_vccolumn single-internal-gutter\"><div class=\"uncol style-light\"  ><div class=\"uncoltable\"><div class=\"uncell  boomapps_vccolumn no-block-padding\" ><div class=\"uncont\" ><div class=\"vc_row row-internal row-container desktop-hidden tablet-hidden mobile-hidden boomapps_vcrow\"><div class=\"row unequal row-child\"><div class=\"wpb_row row-inner\"><div class=\"wpb_column pos-top pos-center align_left column_child col-lg-12 boomapps_vccolumn single-internal-gutter\"><div class=\"uncol style-light\" ><div class=\"uncoltable\"><div class=\"uncell  boomapps_vccolumn no-block-padding\" ><div class=\"uncont\" ><div id=\"gallery-535036\" class=\"un-media-gallery isotope-system isotope-general-light grid-general-light\">\n\t\t\t\t\t\n\t\n\t<div class=\"isotope-wrapper grid-wrapper single-gutter\" >\n\t\t\t\t\t\t\t\t\t<div class=\"isotope-container isotope-layout style-masonry\" data-type=\"masonry\" data-layout=\"fitRows\" data-lg=\"1000\" data-md=\"600\" data-sm=\"480\">\n<div class=\"tmb tmb-iso-w4 tmb-iso-h4 tmb-light tmb-overlay-text-anim tmb-overlay-anim tmb-content-left tmb-image-anim tmb-bordered tmb-id-83184  tmb-content-under tmb-media-first tmb-no-bg tmb-lightbox\" ><div class=\"t-inside no-anim\" ><div class=\"t-entry-visual\"><div class=\"t-entry-visual-tc\"><div class=\"t-entry-visual-cont\"><div class=\"t-entry-visual-overlay\"><div class=\"t-entry-visual-overlay-in style-dark-bg\" style=\"opacity: 0.5;\"><\/div><\/div><div class=\"h3 title-scale youtube-video fluid-object\" style=\"padding-top: 56.31%\"><iframe title=\"Para patrocinadores: ERG - Investigaci\u00f3n cl\u00ednica de Fingers Lake\" width=\"840\" height=\"473\" src=\"https:\/\/www.youtube.com\/embed\/5nxfaUWXtUE?feature=oembed&v=5nxfaUWXtUE&feature=youtu.be\" frameborder=\"0\" allow=\"accelerometer; autoplay; clipboard-write; encrypted-media; gyroscope; picture-in-picture; web-share\" referrerpolicy=\"strict-origin-when-cross-origin\" allowfullscreen><\/iframe><\/div><\/div>\n\t\t\t\t\t<\/div>\n\t\t\t\t<\/div><div class=\"t-entry-text\">\n\t\t\t\t\t\t\t\t\t<div class=\"t-entry-text-tc no-block-padding\"><div class=\"t-entry\"><h3 class=\"t-entry-title h3 title-scale\">Para patrocinadores: ERG - Investigaci\u00f3n cl\u00ednica de Fingers Lake<\/h3><\/div><\/div>\n\t\t\t\t\t\t\t<\/div><\/div><\/div><div class=\"tmb tmb-iso-w4 tmb-iso-h4 tmb-light tmb-overlay-text-anim tmb-overlay-anim tmb-content-left tmb-image-anim tmb-bordered tmb-id-83183  tmb-content-under tmb-media-first tmb-no-bg tmb-lightbox\" ><div class=\"t-inside no-anim\" ><div class=\"t-entry-visual\"><div class=\"t-entry-visual-tc\"><div class=\"t-entry-visual-cont\"><div class=\"t-entry-visual-overlay\"><div class=\"t-entry-visual-overlay-in style-dark-bg\" style=\"opacity: 0.5;\"><\/div><\/div><div class=\"h3 title-scale youtube-video fluid-object\" style=\"padding-top: 56.31%\"><iframe title=\"Para patrocinadores: ERG - Centro de Investigaci\u00f3n del Pac\u00edfico\" width=\"840\" height=\"473\" src=\"https:\/\/www.youtube.com\/embed\/34ShlFANghA?feature=oembed&v=34ShlFANghA&feature=youtu.be\" frameborder=\"0\" allow=\"accelerometer; autoplay; clipboard-write; encrypted-media; gyroscope; picture-in-picture; web-share\" referrerpolicy=\"strict-origin-when-cross-origin\" allowfullscreen><\/iframe><\/div><\/div>\n\t\t\t\t\t<\/div>\n\t\t\t\t<\/div><div class=\"t-entry-text\">\n\t\t\t\t\t\t\t\t\t<div class=\"t-entry-text-tc no-block-padding\"><div class=\"t-entry\"><h3 class=\"t-entry-title h3 title-scale\">Para patrocinadores: ERG - Red de investigaci\u00f3n del Pac\u00edfico<\/h3><\/div><\/div>\n\t\t\t\t\t\t\t<\/div><\/div><\/div>\t\t\t<\/div>\n\t\t\t\t\t<\/div>\n\n\t\n\t\n\t\n<\/div>\n\n<\/div><\/div><\/div><\/div><\/div><\/div><\/div><\/div><\/div><\/div><\/div><\/div><\/div><script id=\"script-row-unique-2\" data-row=\"script-row-unique-2\" type=\"text\/javascript\" class=\"vc_controls\">UNCODE.initRow(document.getElementById(\"row-unique-2\"));<\/script><\/div><\/div><\/div>\n<\/div>","protected":false},"excerpt":{"rendered":"V\u00eddeos del sitioPR\u00d3XIMAMENTE! Para patrocinadores: ERG - Fingers Lake Clinical Research Para patrocinadores: ERG - Pacific Research Network","protected":false},"author":1,"featured_media":0,"parent":0,"menu_order":0,"comment_status":"closed","ping_status":"closed","template":"","meta":{"footnotes":"","_links_to":"","_links_to_target":""},"class_list":["post-83170","page","type-page","status-publish","hentry","page_category-clinical-sites"],"yoast_head":"<!-- This site is optimized with the Yoast SEO plugin v27.4 - https:\/\/yoast.com\/product\/yoast-seo-wordpress\/ -->\n<title>ERG | Clinical Sites<\/title>\n<meta name=\"description\" content=\"ERG\u2019s fully integrated network of best-in-class owned and affiliated clinical research trial sites provide sponsors and CROs a one-stop solution for multisite trials.\" \/>\n<meta name=\"robots\" content=\"index, follow, max-snippet:-1, max-image-preview:large, max-video-preview:-1\" \/>\n<link rel=\"canonical\" href=\"https:\/\/ergclinical.com\/es\/site-videos\/\" \/>\n<meta property=\"og:locale\" content=\"es_MX\" \/>\n<meta property=\"og:type\" content=\"article\" \/>\n<meta property=\"og:title\" content=\"ERG | Clinical Sites\" \/>\n<meta property=\"og:description\" content=\"ERG\u2019s fully integrated network of best-in-class owned and affiliated clinical research trial sites provide sponsors and CROs a one-stop solution for multisite trials.\" \/>\n<meta property=\"og:url\" content=\"https:\/\/ergclinical.com\/es\/site-videos\/\" \/>\n<meta property=\"og:site_name\" content=\"ERG Clinical\" \/>\n<meta property=\"article:modified_time\" content=\"2021-11-05T23:38:49+00:00\" \/>\n<meta name=\"twitter:card\" content=\"summary_large_image\" \/>\n<meta name=\"twitter:label1\" content=\"Tiempo de lectura\" \/>\n\t<meta name=\"twitter:data1\" content=\"1 minuto\" \/>\n<script type=\"application\/ld+json\" class=\"yoast-schema-graph\">{\"@context\":\"https:\\\/\\\/schema.org\",\"@graph\":[{\"@type\":\"WebPage\",\"@id\":\"https:\\\/\\\/ergclinical.com\\\/site-videos\\\/\",\"url\":\"https:\\\/\\\/ergclinical.com\\\/site-videos\\\/\",\"name\":\"ERG | Clinical Sites\",\"isPartOf\":{\"@id\":\"https:\\\/\\\/ergclinical.com\\\/#website\"},\"datePublished\":\"2020-03-11T16:44:37+00:00\",\"dateModified\":\"2021-11-05T23:38:49+00:00\",\"description\":\"ERG\u2019s fully integrated network of best-in-class owned and affiliated clinical research trial sites provide sponsors and CROs a one-stop solution for multisite trials.\",\"breadcrumb\":{\"@id\":\"https:\\\/\\\/ergclinical.com\\\/site-videos\\\/#breadcrumb\"},\"inLanguage\":\"es\",\"potentialAction\":[{\"@type\":\"ReadAction\",\"target\":[\"https:\\\/\\\/ergclinical.com\\\/site-videos\\\/\"]}]},{\"@type\":\"BreadcrumbList\",\"@id\":\"https:\\\/\\\/ergclinical.com\\\/site-videos\\\/#breadcrumb\",\"itemListElement\":[{\"@type\":\"ListItem\",\"position\":1,\"name\":\"Home\",\"item\":\"https:\\\/\\\/ergclinical.com\\\/\"},{\"@type\":\"ListItem\",\"position\":2,\"name\":\"Site Videos\"}]},{\"@type\":\"WebSite\",\"@id\":\"https:\\\/\\\/ergclinical.com\\\/#website\",\"url\":\"https:\\\/\\\/ergclinical.com\\\/\",\"name\":\"ERG Clinical\",\"description\":\"\",\"publisher\":{\"@id\":\"https:\\\/\\\/ergclinical.com\\\/#organization\"},\"potentialAction\":[{\"@type\":\"SearchAction\",\"target\":{\"@type\":\"EntryPoint\",\"urlTemplate\":\"https:\\\/\\\/ergclinical.com\\\/?s={search_term_string}\"},\"query-input\":{\"@type\":\"PropertyValueSpecification\",\"valueRequired\":true,\"valueName\":\"search_term_string\"}}],\"inLanguage\":\"es\"},{\"@type\":\"Organization\",\"@id\":\"https:\\\/\\\/ergclinical.com\\\/#organization\",\"name\":\"ERG Clinical\",\"url\":\"https:\\\/\\\/ergclinical.com\\\/\",\"logo\":{\"@type\":\"ImageObject\",\"inLanguage\":\"es\",\"@id\":\"https:\\\/\\\/ergclinical.com\\\/#\\\/schema\\\/logo\\\/image\\\/\",\"url\":\"https:\\\/\\\/ergclinical.com\\\/wp-content\\\/uploads\\\/2019\\\/05\\\/erg-site-icon-512-lt.png\",\"contentUrl\":\"https:\\\/\\\/ergclinical.com\\\/wp-content\\\/uploads\\\/2019\\\/05\\\/erg-site-icon-512-lt.png\",\"width\":512,\"height\":512,\"caption\":\"ERG Clinical\"},\"image\":{\"@id\":\"https:\\\/\\\/ergclinical.com\\\/#\\\/schema\\\/logo\\\/image\\\/\"}}]}<\/script>\n<!-- \/ Yoast SEO plugin. -->","yoast_head_json":{"title":"ERG | Sitios cl\u00ednicos","description":"La red totalmente integrada de ERG de sitios de ensayos de investigaci\u00f3n cl\u00ednica propios y afiliados de primera clase brinda a los patrocinadores y CRO una soluci\u00f3n integral para ensayos en m\u00faltiples sitios.","robots":{"index":"index","follow":"follow","max-snippet":"max-snippet:-1","max-image-preview":"max-image-preview:large","max-video-preview":"max-video-preview:-1"},"canonical":"https:\/\/ergclinical.com\/es\/site-videos\/","og_locale":"es_MX","og_type":"article","og_title":"ERG | Clinical Sites","og_description":"ERG\u2019s fully integrated network of best-in-class owned and affiliated clinical research trial sites provide sponsors and CROs a one-stop solution for multisite trials.","og_url":"https:\/\/ergclinical.com\/es\/site-videos\/","og_site_name":"ERG Clinical","article_modified_time":"2021-11-05T23:38:49+00:00","twitter_card":"summary_large_image","twitter_misc":{"Tiempo de lectura":"1 minuto"},"schema":{"@context":"https:\/\/schema.org","@graph":[{"@type":"WebPage","@id":"https:\/\/ergclinical.com\/site-videos\/","url":"https:\/\/ergclinical.com\/site-videos\/","name":"ERG | Sitios cl\u00ednicos","isPartOf":{"@id":"https:\/\/ergclinical.com\/#website"},"datePublished":"2020-03-11T16:44:37+00:00","dateModified":"2021-11-05T23:38:49+00:00","description":"La red totalmente integrada de ERG de sitios de ensayos de investigaci\u00f3n cl\u00ednica propios y afiliados de primera clase brinda a los patrocinadores y CRO una soluci\u00f3n integral para ensayos en m\u00faltiples sitios.","breadcrumb":{"@id":"https:\/\/ergclinical.com\/site-videos\/#breadcrumb"},"inLanguage":"es","potentialAction":[{"@type":"ReadAction","target":["https:\/\/ergclinical.com\/site-videos\/"]}]},{"@type":"BreadcrumbList","@id":"https:\/\/ergclinical.com\/site-videos\/#breadcrumb","itemListElement":[{"@type":"ListItem","position":1,"name":"Home","item":"https:\/\/ergclinical.com\/"},{"@type":"ListItem","position":2,"name":"Site Videos"}]},{"@type":"WebSite","@id":"https:\/\/ergclinical.com\/#website","url":"https:\/\/ergclinical.com\/","name":"ERG Cl\u00ednico","description":"","publisher":{"@id":"https:\/\/ergclinical.com\/#organization"},"potentialAction":[{"@type":"SearchAction","target":{"@type":"EntryPoint","urlTemplate":"https:\/\/ergclinical.com\/?s={search_term_string}"},"query-input":{"@type":"PropertyValueSpecification","valueRequired":true,"valueName":"search_term_string"}}],"inLanguage":"es"},{"@type":"Organization","@id":"https:\/\/ergclinical.com\/#organization","name":"ERG Cl\u00ednico","url":"https:\/\/ergclinical.com\/","logo":{"@type":"ImageObject","inLanguage":"es","@id":"https:\/\/ergclinical.com\/#\/schema\/logo\/image\/","url":"https:\/\/ergclinical.com\/wp-content\/uploads\/2019\/05\/erg-site-icon-512-lt.png","contentUrl":"https:\/\/ergclinical.com\/wp-content\/uploads\/2019\/05\/erg-site-icon-512-lt.png","width":512,"height":512,"caption":"ERG Clinical"},"image":{"@id":"https:\/\/ergclinical.com\/#\/schema\/logo\/image\/"}}]}},"_links":{"self":[{"href":"https:\/\/ergclinical.com\/es\/wp-json\/wp\/v2\/pages\/83170","targetHints":{"allow":["GET"]}}],"collection":[{"href":"https:\/\/ergclinical.com\/es\/wp-json\/wp\/v2\/pages"}],"about":[{"href":"https:\/\/ergclinical.com\/es\/wp-json\/wp\/v2\/types\/page"}],"author":[{"embeddable":true,"href":"https:\/\/ergclinical.com\/es\/wp-json\/wp\/v2\/users\/1"}],"replies":[{"embeddable":true,"href":"https:\/\/ergclinical.com\/es\/wp-json\/wp\/v2\/comments?post=83170"}],"version-history":[{"count":0,"href":"https:\/\/ergclinical.com\/es\/wp-json\/wp\/v2\/pages\/83170\/revisions"}],"wp:attachment":[{"href":"https:\/\/ergclinical.com\/es\/wp-json\/wp\/v2\/media?parent=83170"}],"curies":[{"name":"gracias","href":"https:\/\/api.w.org\/{rel}","templated":true}]}}